{"id":6335,"date":"2020-07-14T15:58:47","date_gmt":"2020-07-14T13:58:47","guid":{"rendered":"https:\/\/dus-orthopaedie-unfallchirurgie.de\/services\/spine\/"},"modified":"2023-08-14T15:08:52","modified_gmt":"2023-08-14T13:08:52","slug":"spine","status":"publish","type":"page","link":"https:\/\/www.dus-orthopaedie-unfallchirurgie.de\/en\/services\/spine\/","title":{"rendered":"Spine"},"content":{"rendered":"<p>[et_pb_section fb_built=&#8221;1&#8243; module_class=&#8221;liste-leistungen&#8221; _builder_version=&#8221;4.15&#8243; global_colors_info=&#8221;{}&#8221;][et_pb_row _builder_version=&#8221;4.15&#8243; global_colors_info=&#8221;{}&#8221;][et_pb_column type=&#8221;4_4&#8243; _builder_version=&#8221;4.15&#8243; global_colors_info=&#8221;{}&#8221;][et_pb_text _builder_version=&#8221;4.15&#8243; text_orientation=&#8221;center&#8221; global_colors_info=&#8221;{}&#8221;]<\/p>\n<h2>Spine<\/h2>\n<p>The spine is the central support system of our body. It is needed for almost all movements of the body. It also protects the spinal cord, which transmits our brain signals to all parts of the body.[\/et_pb_text][et_pb_text admin_label=&#8221;Text mit Liste&#8221; _builder_version=&#8221;4.15.1&#8243; global_colors_info=&#8221;{}&#8221;]<\/p>\n<p>The spine is made up of a total of 24 vertebrae, the sacrum and the coccyx. Between the vertebrae are the intervertebral discs, which serve as a kind of &#8220;buffer&#8221; for the vertebrae to cushion strong movements. To ensure stability and mobility of the spine, the <strong>spine<\/strong> is surrounded by numerous muscles. The back muscles, which are responsible for posture, are located in the depths. The muscles above direct the movements of the body.<\/p>\n<p>Back pain is the second most common reason for patients to see a doctor after a cold. Therefore, it is particularly important to deal thoroughly with diseases of the <strong>spine<\/strong>.<\/p>\n<p>We are particularly dedicated to the diagnosis of spinal disorders, such as:<\/p>\n<ul>\n<li>Intervertebral disc disease<\/li>\n<li>Narrowing of the spinal canal<\/li>\n<li>Instabilities<\/li>\n<li>Vertebral fractures due to trauma or osteoporosis.<\/li>\n<\/ul>\n<p>The decisive factor is the conscientious examination of each individual case with regard to the disease pattern at hand. An intensive diagnosis is the most important prerequisite for developing a sensible and goal-oriented therapy concept. The conservative non-surgical measures should be exhausted first; a premature decision to surgical therapy is not desirable and is no longer the standard nowadays.<\/p>\n<p>There are a few symptom complexes that indicate surgical therapy, but in most cases, especially with the famous herniated disc, a good conservative non-surgical therapy concept can bring very good results.<\/p>\n<p>[\/et_pb_text][\/et_pb_column][\/et_pb_row][\/et_pb_section][et_pb_section fb_built=&#8221;1&#8243; module_id=&#8221;ref-interventionelle-schmerztherapie&#8221; module_class=&#8221;liste-leistungen&#8221; _builder_version=&#8221;4.15&#8243; global_colors_info=&#8221;{}&#8221;][et_pb_row _builder_version=&#8221;4.15&#8243; global_colors_info=&#8221;{}&#8221;][et_pb_column type=&#8221;4_4&#8243; _builder_version=&#8221;4.15&#8243; global_colors_info=&#8221;{}&#8221;][et_pb_text _builder_version=&#8221;4.15.1&#8243; global_colors_info=&#8221;{}&#8221;]<\/p>\n<h2>Interventional pain therapy of the spine<\/h2>\n<p>With modern imaging (full digital X-ray) and a special treatment concept of interventional X-ray-guided infusion therapy, we can treat our patients for acute and chronic spinal complaints.<\/p>\n<p>More information about the spine<\/p>\n<p>&nbsp;<\/p>\n<ul>\n<li><a href=\"https:\/\/dus-orthopaedie-unfallchirurgie.de\/en\/?page_id=6290\" title=\"PRT Syringe\">Spinal therapy<\/a><\/li>\n<\/ul>\n<p>[\/et_pb_text][\/et_pb_column][\/et_pb_row][\/et_pb_section][et_pb_section fb_built=&#8221;1&#8243; module_id=&#8221;dus-standorte&#8221; module_class=&#8221;liste-leistungen&#8221; _builder_version=&#8221;4.15&#8243; saved_tabs=&#8221;all&#8221; global_colors_info=&#8221;{}&#8221;][et_pb_row _builder_version=&#8221;4.15&#8243; global_colors_info=&#8221;{}&#8221;][et_pb_column type=&#8221;4_4&#8243; _builder_version=&#8221;4.15&#8243; global_colors_info=&#8221;{}&#8221;][et_pb_text admin_label=&#8221;Text mit Liste&#8221; _builder_version=&#8221;4.15&#8243; text_orientation=&#8221;center&#8221; global_colors_info=&#8221;{}&#8221;]<\/p>\n<h2>We offer this service for you<br \/>\nat the following locations:<\/h2>\n<p>[\/et_pb_text][\/et_pb_column][\/et_pb_row][et_pb_row column_structure=&#8221;1_3,1_3,1_3&#8243; _builder_version=&#8221;4.15&#8243; global_colors_info=&#8221;{}&#8221; global_module=&#8221;6667&#8243; theme_builder_area=&#8221;post_content&#8221;][et_pb_column type=&#8221;1_3&#8243; _builder_version=&#8221;4.15&#8243; global_colors_info=&#8221;{}&#8221; theme_builder_area=&#8221;post_content&#8221;][et_pb_blurb title=&#8221;Location D-Grafenberg&#8221; image=&#8221;https:\/\/dus-orthopaedie-unfallchirurgie.de\/wp-content\/uploads\/2020\/07\/standort-dus-grafenberg_widget.jpg&#8221; alt=&#8221;Location D\u00fcsseldorf Grafenberg&#8221; module_class=&#8221;standort-kachel&#8221; _builder_version=&#8221;4.15.1&#8243; global_colors_info=&#8221;{}&#8221; theme_builder_area=&#8221;post_content&#8221;]<\/p>\n<p><a class=\"tel\" href=\"tel:021164138829\">0211-64138829<\/a><a class=\"standort\" href=\"https:\/\/dus-orthopaedie-unfallchirurgie.de\/en\/location-duesseldorf-grafenberg\/\">Grafenberger Allee 337a<br \/>40235 D\u00fcsseldorf<\/a><\/p>\n<p><strong>Appointment:<\/strong><\/p>\n<p><a class=\"termin\" href=\"https:\/\/dus-orthopaedie-unfallchirurgie.de\/en\/appointment\/#online-appointment\">Online appointments<\/a><a class=\"termin\" href=\"https:\/\/dus-orthopaedie-unfallchirurgie.de\/en\/appointment\/#private-appointment\">Private appointments<\/a><\/p>\n<p>[\/et_pb_blurb][et_pb_text _builder_version=&#8221;4.15.1&#8243; text_orientation=&#8221;center&#8221; global_colors_info=&#8221;{}&#8221; theme_builder_area=&#8221;post_content&#8221;]<\/p>\n<p><a class=\"btn-blue\" title=\"Orthopaedist in D\u00fcsseldorf\" href=\"https:\/\/dus-orthopaedie-unfallchirurgie.de\/en\/location-duesseldorf-grafenberg\/\">To the location<\/a><\/p>\n<p>[\/et_pb_text][\/et_pb_column][et_pb_column type=&#8221;1_3&#8243; _builder_version=&#8221;4.15&#8243; global_colors_info=&#8221;{}&#8221; theme_builder_area=&#8221;post_content&#8221;][et_pb_blurb title=&#8221;Location D-Stockum&#8221; image=&#8221;https:\/\/dus-orthopaedie-unfallchirurgie.de\/wp-content\/uploads\/2020\/07\/standort-dus-stockum_widget.jpg&#8221; alt=&#8221;Location D\u00fcsseldorf Stockum&#8221; module_class=&#8221;standort-kachel&#8221; _builder_version=&#8221;4.15.1&#8243; global_colors_info=&#8221;{}&#8221; theme_builder_area=&#8221;post_content&#8221;]<\/p>\n<p><a class=\"tel\" href=\"tel:021165040408\">0211-65040408<\/a><a class=\"standort\" href=\"https:\/\/dus-orthopaedie-unfallchirurgie.de\/en\/location-duesseldorf-stockum\/\">Amsterdamer Street 36<br \/>40474 D\u00fcsseldorf<\/a><\/p>\n<p><strong>Appointment:<\/strong><\/p>\n<p><a class=\"termin\" href=\"https:\/\/dus-orthopaedie-unfallchirurgie.de\/en\/appointment\/#online-appointment\">Online appointments<\/a><a class=\"termin\" href=\"https:\/\/dus-orthopaedie-unfallchirurgie.de\/en\/appointment\/#private-appointment\">Private appointments<\/a><\/p>\n<p>[\/et_pb_blurb][et_pb_text _builder_version=&#8221;4.15.1&#8243; text_orientation=&#8221;center&#8221; global_colors_info=&#8221;{}&#8221; theme_builder_area=&#8221;post_content&#8221;]<a href=\"https:\/\/dus-orthopaedie-unfallchirurgie.de\/en\/location-duesseldorf-stockum\/\" class=\"btn-blue\" title=\"Orthopaedist in D\u00fcsseldorf\">To the location<\/a>[\/et_pb_text][\/et_pb_column][et_pb_column type=&#8221;1_3&#8243; _builder_version=&#8221;4.15&#8243; global_colors_info=&#8221;{}&#8221; theme_builder_area=&#8221;post_content&#8221;][et_pb_blurb title=&#8221;Location Ratingen&#8221; image=&#8221;https:\/\/dus-orthopaedie-unfallchirurgie.de\/wp-content\/uploads\/2020\/07\/standort-ratingen-dus-ortophaedie.jpg&#8221; alt=&#8221;Location Ratingen&#8221; module_class=&#8221;standort-kachel&#8221; _builder_version=&#8221;4.15.1&#8243; global_colors_info=&#8221;{}&#8221; theme_builder_area=&#8221;post_content&#8221;]<\/p>\n<p><a class=\"tel\" href=\"tel:0210283083\">02102-83083<\/a><a class=\"standort\" href=\"https:\/\/dus-orthopaedie-unfallchirurgie.de\/en\/location-ratingen\/\">Homberger Str. 25<br \/>40882 Ratingen<\/a><\/p>\n<p><strong>Appointment:<\/strong><\/p>\n<p><a class=\"termin\" href=\"https:\/\/dus-orthopaedie-unfallchirurgie.de\/en\/appointment\/#online-appointment\">Online appointments<\/a><a class=\"termin\" href=\"https:\/\/dus-orthopaedie-unfallchirurgie.de\/en\/appointment\/#private-appointment\">Private appointments<\/a><\/p>\n<p>[\/et_pb_blurb][et_pb_text _builder_version=&#8221;4.15.1&#8243; text_orientation=&#8221;center&#8221; global_colors_info=&#8221;{}&#8221; theme_builder_area=&#8221;post_content&#8221;]<a href=\"https:\/\/dus-orthopaedie-unfallchirurgie.de\/en\/location-ratingen\/\" class=\"btn-blue\" title=\"Orthopaedist in Ratingen\">To the location<\/a>[\/et_pb_text][\/et_pb_column][\/et_pb_row][\/et_pb_section]<\/p>\n","protected":false},"excerpt":{"rendered":"<p>Spine The spine is the central support system of our body. It is needed for almost all movements of the body. It also protects the spinal cord, which transmits our brain signals to all parts of the body.The spine is made up of a total of 24 vertebrae, the sacrum and the coccyx. Between the [&hellip;]<\/p>\n","protected":false},"author":1,"featured_media":6150,"parent":6274,"menu_order":0,"comment_status":"closed","ping_status":"closed","template":"unterseite.php","meta":{"_acf_changed":false,"_et_pb_use_builder":"on","_et_pb_old_content":"","_et_gb_content_width":"","inline_featured_image":false,"footnotes":""},"class_list":["post-6335","page","type-page","status-publish","has-post-thumbnail","hentry"],"acf":[],"yoast_head":"<!-- This site is optimized with the Yoast SEO plugin v26.1.1 - https:\/\/yoast.com\/wordpress\/plugins\/seo\/ -->\n<title>Spine | DUS - Orthopaedics &amp; Trauma Surgery<\/title>\n<meta name=\"description\" content=\"Information and treatment spectrum on the subject of the spine. Secure interventional spinal pain therapy now.\" \/>\n<meta name=\"robots\" content=\"index, follow, max-snippet:-1, max-image-preview:large, max-video-preview:-1\" \/>\n<link rel=\"canonical\" href=\"https:\/\/www.dus-orthopaedie-unfallchirurgie.de\/en\/services\/spine\/\" \/>\n<meta property=\"og:locale\" content=\"en_US\" \/>\n<meta property=\"og:type\" content=\"article\" \/>\n<meta property=\"og:title\" content=\"Spine | DUS - Orthopaedics &amp; Trauma Surgery\" \/>\n<meta property=\"og:description\" content=\"Information and treatment spectrum on the subject of the spine. Secure interventional spinal pain therapy now.\" \/>\n<meta property=\"og:url\" content=\"https:\/\/www.dus-orthopaedie-unfallchirurgie.de\/en\/services\/spine\/\" \/>\n<meta property=\"og:site_name\" content=\"Orthop\u00e4die &amp; Unfallchirurgie DUS\" \/>\n<meta property=\"article:modified_time\" content=\"2023-08-14T13:08:52+00:00\" \/>\n<meta property=\"og:image\" content=\"https:\/\/www.dus-orthopaedie-unfallchirurgie.de\/wp-content\/uploads\/2020\/07\/wirbelsaeuele-dus-orthopaedie.jpg\" \/>\n\t<meta property=\"og:image:width\" content=\"1600\" \/>\n\t<meta property=\"og:image:height\" content=\"700\" \/>\n\t<meta property=\"og:image:type\" content=\"image\/jpeg\" \/>\n<meta name=\"twitter:card\" content=\"summary_large_image\" \/>\n<meta name=\"twitter:label1\" content=\"Est. reading time\" \/>\n\t<meta name=\"twitter:data1\" content=\"3 minutes\" \/>\n<!-- \/ Yoast SEO plugin. -->","yoast_head_json":{"title":"Spine | DUS - Orthopaedics & Trauma Surgery","description":"Information and treatment spectrum on the subject of the spine. Secure interventional spinal pain therapy now.","robots":{"index":"index","follow":"follow","max-snippet":"max-snippet:-1","max-image-preview":"max-image-preview:large","max-video-preview":"max-video-preview:-1"},"canonical":"https:\/\/www.dus-orthopaedie-unfallchirurgie.de\/en\/services\/spine\/","og_locale":"en_US","og_type":"article","og_title":"Spine | DUS - Orthopaedics & Trauma Surgery","og_description":"Information and treatment spectrum on the subject of the spine. Secure interventional spinal pain therapy now.","og_url":"https:\/\/www.dus-orthopaedie-unfallchirurgie.de\/en\/services\/spine\/","og_site_name":"Orthop\u00e4die &amp; Unfallchirurgie DUS","article_modified_time":"2023-08-14T13:08:52+00:00","og_image":[{"width":1600,"height":700,"url":"https:\/\/www.dus-orthopaedie-unfallchirurgie.de\/wp-content\/uploads\/2020\/07\/wirbelsaeuele-dus-orthopaedie.jpg","type":"image\/jpeg"}],"twitter_card":"summary_large_image","twitter_misc":{"Est. reading time":"3 minutes"},"schema":{"@context":"https:\/\/schema.org","@graph":[{"@type":"WebPage","@id":"https:\/\/www.dus-orthopaedie-unfallchirurgie.de\/en\/services\/spine\/","url":"https:\/\/www.dus-orthopaedie-unfallchirurgie.de\/en\/services\/spine\/","name":"Spine | DUS - Orthopaedics & Trauma Surgery","isPartOf":{"@id":"https:\/\/www.dus-orthopaedie-unfallchirurgie.de\/en\/#website"},"primaryImageOfPage":{"@id":"https:\/\/www.dus-orthopaedie-unfallchirurgie.de\/en\/services\/spine\/#primaryimage"},"image":{"@id":"https:\/\/www.dus-orthopaedie-unfallchirurgie.de\/en\/services\/spine\/#primaryimage"},"thumbnailUrl":"https:\/\/www.dus-orthopaedie-unfallchirurgie.de\/wp-content\/uploads\/2020\/07\/wirbelsaeuele-dus-orthopaedie.jpg","datePublished":"2020-07-14T13:58:47+00:00","dateModified":"2023-08-14T13:08:52+00:00","description":"Information and treatment spectrum on the subject of the spine. Secure interventional spinal pain therapy now.","breadcrumb":{"@id":"https:\/\/www.dus-orthopaedie-unfallchirurgie.de\/en\/services\/spine\/#breadcrumb"},"inLanguage":"en-US","potentialAction":[{"@type":"ReadAction","target":["https:\/\/www.dus-orthopaedie-unfallchirurgie.de\/en\/services\/spine\/"]}]},{"@type":"ImageObject","inLanguage":"en-US","@id":"https:\/\/www.dus-orthopaedie-unfallchirurgie.de\/en\/services\/spine\/#primaryimage","url":"https:\/\/www.dus-orthopaedie-unfallchirurgie.de\/wp-content\/uploads\/2020\/07\/wirbelsaeuele-dus-orthopaedie.jpg","contentUrl":"https:\/\/www.dus-orthopaedie-unfallchirurgie.de\/wp-content\/uploads\/2020\/07\/wirbelsaeuele-dus-orthopaedie.jpg","width":1600,"height":700,"caption":"Wirbels\u00e4ulen-Behandlung bei DUS Orthop\u00e4die D\u00fcsseldorf"},{"@type":"BreadcrumbList","@id":"https:\/\/www.dus-orthopaedie-unfallchirurgie.de\/en\/services\/spine\/#breadcrumb","itemListElement":[{"@type":"ListItem","position":1,"name":"Home","item":"https:\/\/www.dus-orthopaedie-unfallchirurgie.de\/en\/"},{"@type":"ListItem","position":2,"name":"Services","item":"https:\/\/www.dus-orthopaedie-unfallchirurgie.de\/en\/services\/"},{"@type":"ListItem","position":3,"name":"Spine"}]},{"@type":"WebSite","@id":"https:\/\/www.dus-orthopaedie-unfallchirurgie.de\/en\/#website","url":"https:\/\/www.dus-orthopaedie-unfallchirurgie.de\/en\/","name":"Orthop\u00e4die &amp; Unfallchirurgie DUS","description":"Praxis f\u00fcr konservative und operative Verfahren","publisher":{"@id":"https:\/\/www.dus-orthopaedie-unfallchirurgie.de\/en\/#organization"},"potentialAction":[{"@type":"SearchAction","target":{"@type":"EntryPoint","urlTemplate":"https:\/\/www.dus-orthopaedie-unfallchirurgie.de\/en\/?s={search_term_string}"},"query-input":{"@type":"PropertyValueSpecification","valueRequired":true,"valueName":"search_term_string"}}],"inLanguage":"en-US"},{"@type":"Organization","@id":"https:\/\/www.dus-orthopaedie-unfallchirurgie.de\/en\/#organization","name":"DUS \u2013 Orthop\u00e4die & Unfallchirurgie","url":"https:\/\/www.dus-orthopaedie-unfallchirurgie.de\/en\/","logo":{"@type":"ImageObject","inLanguage":"en-US","@id":"https:\/\/www.dus-orthopaedie-unfallchirurgie.de\/en\/#\/schema\/logo\/image\/","url":"https:\/\/dus-orthopaedie-unfallchirurgie.de\/wp-content\/uploads\/2022\/01\/orthopaedie-duesseldorf-logo.png","contentUrl":"https:\/\/dus-orthopaedie-unfallchirurgie.de\/wp-content\/uploads\/2022\/01\/orthopaedie-duesseldorf-logo.png","width":272,"height":62,"caption":"DUS \u2013 Orthop\u00e4die & Unfallchirurgie"},"image":{"@id":"https:\/\/www.dus-orthopaedie-unfallchirurgie.de\/en\/#\/schema\/logo\/image\/"}}]}},"_links":{"self":[{"href":"https:\/\/www.dus-orthopaedie-unfallchirurgie.de\/en\/wp-json\/wp\/v2\/pages\/6335","targetHints":{"allow":["GET"]}}],"collection":[{"href":"https:\/\/www.dus-orthopaedie-unfallchirurgie.de\/en\/wp-json\/wp\/v2\/pages"}],"about":[{"href":"https:\/\/www.dus-orthopaedie-unfallchirurgie.de\/en\/wp-json\/wp\/v2\/types\/page"}],"author":[{"embeddable":true,"href":"https:\/\/www.dus-orthopaedie-unfallchirurgie.de\/en\/wp-json\/wp\/v2\/users\/1"}],"replies":[{"embeddable":true,"href":"https:\/\/www.dus-orthopaedie-unfallchirurgie.de\/en\/wp-json\/wp\/v2\/comments?post=6335"}],"version-history":[{"count":3,"href":"https:\/\/www.dus-orthopaedie-unfallchirurgie.de\/en\/wp-json\/wp\/v2\/pages\/6335\/revisions"}],"predecessor-version":[{"id":6680,"href":"https:\/\/www.dus-orthopaedie-unfallchirurgie.de\/en\/wp-json\/wp\/v2\/pages\/6335\/revisions\/6680"}],"up":[{"embeddable":true,"href":"https:\/\/www.dus-orthopaedie-unfallchirurgie.de\/en\/wp-json\/wp\/v2\/pages\/6274"}],"wp:featuredmedia":[{"embeddable":true,"href":"https:\/\/www.dus-orthopaedie-unfallchirurgie.de\/en\/wp-json\/wp\/v2\/media\/6150"}],"wp:attachment":[{"href":"https:\/\/www.dus-orthopaedie-unfallchirurgie.de\/en\/wp-json\/wp\/v2\/media?parent=6335"}],"curies":[{"name":"wp","href":"https:\/\/api.w.org\/{rel}","templated":true}]}}