{"id":6360,"date":"2023-03-17T10:13:47","date_gmt":"2023-03-17T09:13:47","guid":{"rendered":"https:\/\/dus-orthopaedie-unfallchirurgie.de\/services\/knee-specialist-duesseldorf\/"},"modified":"2023-08-14T15:23:53","modified_gmt":"2023-08-14T13:23:53","slug":"knee-specialist-duesseldorf","status":"publish","type":"page","link":"https:\/\/www.dus-orthopaedie-unfallchirurgie.de\/en\/services\/knee-specialist-duesseldorf\/","title":{"rendered":"Knee specialist D\u00fcsseldorf"},"content":{"rendered":"<p>[et_pb_section fb_built=&#8221;1&#8243; module_class=&#8221;liste-leistungen&#8221; _builder_version=&#8221;4.15&#8243; global_colors_info=&#8221;{}&#8221;][et_pb_row _builder_version=&#8221;4.15&#8243; global_colors_info=&#8221;{}&#8221;][et_pb_column type=&#8221;4_4&#8243; _builder_version=&#8221;4.15&#8243; global_colors_info=&#8221;{}&#8221;][et_pb_text _builder_version=&#8221;4.15.1&#8243; text_orientation=&#8221;center&#8221; global_colors_info=&#8221;{}&#8221;]<\/p>\n<h2>Knee specialist in D\u00fcsseldorf<\/h2>\n<p>[\/et_pb_text][et_pb_text admin_label=&#8221;Text mit Liste&#8221; _builder_version=&#8221;4.15.1&#8243; global_colors_info=&#8221;{}&#8221;]<\/p>\n<p>Here you can see all the arthroscopic operations of the knee joint that DUS &#8211; Ihr Kniespezialist D\u00fcsseldorf &amp; Ratingen offers.<\/p>\n<ul>\n<li><a title=\"Knee arthroscopy D\u00fcsseldorf\" href=\"https:\/\/dus-orthopaedie-unfallchirurgie.de\/en\/?page_id=6278\">Knee arthroscopy<\/a><\/li>\n<li>Meniscus refixation<\/li>\n<li>Chondroplasty<\/li>\n<li><a href=\"https:\/\/dus-orthopaedie-unfallchirurgie.de\/en\/?page_id=6302\" title=\"Cruciate ligament rupture surgery\">Cruciate ligament rupture surgery<\/a><\/li>\n<li>Medial shirring or MPFL plasty for traumatic or chronic patellar luxation.<\/li>\n<li>Refixation and reconstruction of the collateral ligaments.<\/li>\n<li>Bursitis prepatellaris: Bursectomy.<\/li>\n<\/ul>\n<h3>ACT<\/h3>\n<p>In the meantime, we have specialised in <a href=\"https:\/\/de.wikipedia.org\/wiki\/Autologe_Chondrozyten-Transplantation\" title=\"ACT Wikipedia\">ACT<\/a> (autologous chondrocyte transplants), a special treatment in our spectrum. Chondrocytes (living cartilage cells) are taken from the patient&#8217;s own body, cultivated and multiplied outside the body and then transplanted onto an existing cartilage defect. This creates a stable, more resilient cartilage replacement tissue. If you are looking for a <strong>knee specialist in D\u00fcsseldorf &amp; Ratingen<\/strong> who specialises in ACT, then you have come to the right place.<\/p>\n<h3>Endoprosthetics<\/h3>\n<p><aendoprothetik ist=\"\" eine=\"\" innovative=\"\" technologie=\"\" die=\"\" es=\"\" uns=\"\" erm=\"\" ihnen=\"\" hochwertige=\"\" und=\"\" dauerhafte=\"\" l=\"\" f=\"\" ihre=\"\" gelenkprobleme=\"\" zu=\"\" bieten.=\"\" erfahren=\"\" sie=\"\" hier=\"\" mehr=\"\" zur=\"\" original=\"PGEgaHJlZj0iaHR0cHM6Ly9kdXMtb3J0aG9wYWVkaWUtdW5mYWxsY2hpcnVy Z2llLmRlL2xlaXN0dW5nZW4vZW5kb3Byb3RoZXRpay1pbi1kdWVzc2VsZG9y Zi8iIHRpdGxlPSJFbmRvcHJvdGhldGlrIj4=\"><\/aendoprothetik>Endoprothetik<\/a>, at <strong>DUS your Knee Specialist D\u00fcsseldorf &amp; Ratingen<\/strong><\/p>\n<p>[\/et_pb_text][\/et_pb_column][\/et_pb_row][\/et_pb_section][et_pb_section fb_built=&#8221;1&#8243; module_class=&#8221;aerzte&#8221; _builder_version=&#8221;4.15&#8243; global_colors_info=&#8221;{}&#8221;][et_pb_row _builder_version=&#8221;4.15&#8243; global_colors_info=&#8221;{}&#8221;][et_pb_column type=&#8221;4_4&#8243; _builder_version=&#8221;4.15&#8243; global_colors_info=&#8221;{}&#8221;][et_pb_text admin_label=&#8221;Fachexpertise&#8221; _builder_version=&#8221;4.15.1&#8243; text_orientation=&#8221;center&#8221; global_colors_info=&#8221;{}&#8221;]<\/p>\n<h2>Your knee specialists D\u00fcsseldorf from DUS<\/h2>\n<p>The <strong>DUS &#8211; Knee Specialists D\u00fcsseldorf<\/strong> are a team of experienced orthopaedic surgeons who specialise in the treatment of knee disorders. They have extensive experience in the diagnosis and treatment of knee diseases.<\/p>\n<p>[\/et_pb_text][\/et_pb_column][\/et_pb_row][et_pb_row column_structure=&#8221;1_3,1_3,1_3&#8243; _builder_version=&#8221;4.15&#8243; global_colors_info=&#8221;{}&#8221;][et_pb_column type=&#8221;1_3&#8243; _builder_version=&#8221;4.15&#8243; global_colors_info=&#8221;{}&#8221;][et_pb_team_member name=&#8221;Till Feser&#8221; position=&#8221;Doctor&#8221; image_url=&#8221;https:\/\/dus-orthopaedie-unfallchirurgie.de\/wp-content\/uploads\/2021\/11\/feser-dus.png&#8221; admin_label=&#8221;Till Feser&#8221; _builder_version=&#8221;4.15&#8243; global_colors_info=&#8221;{}&#8221;]<a class=\"btn-blue\" href=\"https:\/\/dus-orthopaedie-unfallchirurgie.de\/team\/till-feser\/\">Learn more<\/a>[\/et_pb_team_member][\/et_pb_column][et_pb_column type=&#8221;1_3&#8243; _builder_version=&#8221;4.15&#8243; global_colors_info=&#8221;{}&#8221;][et_pb_team_member name=&#8221;Dr. med. Leonid Bl\u00fcm&#8221; position=&#8221;Doctor&#8221; image_url=&#8221;https:\/\/dus-orthopaedie-unfallchirurgie.de\/wp-content\/uploads\/2021\/11\/bluem-dus.png&#8221; admin_label=&#8221;Dr. med. Leonid Bl\u00fcm&#8221; _builder_version=&#8221;4.15&#8243; global_colors_info=&#8221;{}&#8221;]<a class=\"btn-blue\" href=\"https:\/\/dus-orthopaedie-unfallchirurgie.de\/team\/dr-med-leonid-bluem\/\">Learn more<\/a>[\/et_pb_team_member][\/et_pb_column][et_pb_column type=&#8221;1_3&#8243; _builder_version=&#8221;4.15&#8243; global_colors_info=&#8221;{}&#8221;][et_pb_team_member name=&#8221;Panagiotis Karachalios&#8221; position=&#8221;Doctor&#8221; image_url=&#8221;https:\/\/dus-orthopaedie-unfallchirurgie.de\/wp-content\/uploads\/2021\/11\/karachalios-dus.png&#8221; admin_label=&#8221;Panagiotis Karachalios&#8221; _builder_version=&#8221;4.15&#8243; global_colors_info=&#8221;{}&#8221;]<a class=\"btn-blue\" href=\"https:\/\/dus-orthopaedie-unfallchirurgie.de\/team\/panagiotis-karachalios\/\">Learn more<\/a>[\/et_pb_team_member][\/et_pb_column][\/et_pb_row][\/et_pb_section][et_pb_section fb_built=&#8221;1&#8243; module_class=&#8221;liste-leistungen&#8221; _builder_version=&#8221;4.15&#8243; global_colors_info=&#8221;{}&#8221;][et_pb_row _builder_version=&#8221;4.15&#8243; global_colors_info=&#8221;{}&#8221;][et_pb_column type=&#8221;4_4&#8243; _builder_version=&#8221;4.15&#8243; global_colors_info=&#8221;{}&#8221;][et_pb_text _builder_version=&#8221;4.15.1&#8243; text_orientation=&#8221;center&#8221; global_colors_info=&#8221;{}&#8221;]<\/p>\n<h2>FAQ<\/h2>\n<p>[\/et_pb_text][\/et_pb_column][\/et_pb_row][et_pb_row column_structure=&#8221;1_2,1_2&#8243; module_class=&#8221;haeufige-fragen&#8221; _builder_version=&#8221;4.15.1&#8243; global_colors_info=&#8221;{}&#8221;][et_pb_column type=&#8221;1_2&#8243; _builder_version=&#8221;4.15&#8243; global_colors_info=&#8221;{}&#8221;][et_pb_text admin_label=&#8221;Text mit Liste&#8221; _builder_version=&#8221;4.15.1&#8243; global_colors_info=&#8221;{}&#8221;]<\/p>\n<h3>What types of knee problems does DUS the knee specialist D\u00fcsseldorf treat?<\/h3>\n<p>We treat a wide range of knee problems, including arthritis, injuries, inflammation and other conditions.[\/et_pb_text][et_pb_text admin_label=&#8221;Text mit Liste&#8221; _builder_version=&#8221;4.15.1&#8243; global_colors_info=&#8221;{}&#8221;]<\/p>\n<h3>What treatment methods do you offer?<\/h3>\n<p>We offer a range of treatments including physiotherapy, medication, injections and surgery.[\/et_pb_text][\/et_pb_column][et_pb_column type=&#8221;1_2&#8243; _builder_version=&#8221;4.15&#8243; global_colors_info=&#8221;{}&#8221;][et_pb_text admin_label=&#8221;Text mit Liste&#8221; _builder_version=&#8221;4.15.1&#8243; global_colors_info=&#8221;{}&#8221;]<\/p>\n<h3>What are the risks associated with the treatment?<\/h3>\n<p>Jede Behandlung birgt Risiken wie z.B. Infektionen oder Komplikationen. Our <strong>knee specialists<\/strong> will inform you about possible risks.<\/p>\n<p>[\/et_pb_text][et_pb_text admin_label=&#8221;Text mit Liste&#8221; _builder_version=&#8221;4.15.1&#8243; global_colors_info=&#8221;{}&#8221;]<\/p>\n<h3> How long does a treatment take?<\/h3>\n<p>The duration of treatment depends on the type of problem and can vary from a few days to several months.[\/et_pb_text][\/et_pb_column][\/et_pb_row][\/et_pb_section][et_pb_section fb_built=&#8221;1&#8243; module_id=&#8221;dus-standorte&#8221; module_class=&#8221;liste-leistungen&#8221; _builder_version=&#8221;4.15&#8243; saved_tabs=&#8221;all&#8221; global_colors_info=&#8221;{}&#8221;][et_pb_row _builder_version=&#8221;4.15&#8243; global_colors_info=&#8221;{}&#8221;][et_pb_column type=&#8221;4_4&#8243; _builder_version=&#8221;4.15&#8243; global_colors_info=&#8221;{}&#8221;][et_pb_text admin_label=&#8221;Text mit Liste&#8221; _builder_version=&#8221;4.15.1&#8243; text_orientation=&#8221;center&#8221; global_colors_info=&#8221;{}&#8221;]<\/p>\n<h2>This service is offered by DUS &#8211; Your Knee Specialist D\u00fcsseldorf for you<br \/>\nat the following locations:<\/h2>\n<p>[\/et_pb_text][\/et_pb_column][\/et_pb_row][et_pb_row column_structure=&#8221;1_3,1_3,1_3&#8243; _builder_version=&#8221;4.15&#8243; global_colors_info=&#8221;{}&#8221; global_module=&#8221;6667&#8243; theme_builder_area=&#8221;post_content&#8221;][et_pb_column type=&#8221;1_3&#8243; _builder_version=&#8221;4.15&#8243; global_colors_info=&#8221;{}&#8221; theme_builder_area=&#8221;post_content&#8221;][et_pb_blurb title=&#8221;Location D-Grafenberg&#8221; image=&#8221;https:\/\/dus-orthopaedie-unfallchirurgie.de\/wp-content\/uploads\/2020\/07\/standort-dus-grafenberg_widget.jpg&#8221; alt=&#8221;Location D\u00fcsseldorf Grafenberg&#8221; module_class=&#8221;standort-kachel&#8221; _builder_version=&#8221;4.15.1&#8243; global_colors_info=&#8221;{}&#8221; theme_builder_area=&#8221;post_content&#8221;]<\/p>\n<p><a class=\"tel\" href=\"tel:021164138829\">0211-64138829<\/a><a class=\"standort\" href=\"https:\/\/dus-orthopaedie-unfallchirurgie.de\/en\/location-duesseldorf-grafenberg\/\">Grafenberger Allee 337a<br \/>40235 D\u00fcsseldorf<\/a><\/p>\n<p><strong>Appointment:<\/strong><\/p>\n<p><a class=\"termin\" href=\"https:\/\/dus-orthopaedie-unfallchirurgie.de\/en\/appointment\/#online-appointment\">Online appointments<\/a><a class=\"termin\" href=\"https:\/\/dus-orthopaedie-unfallchirurgie.de\/en\/appointment\/#private-appointment\">Private appointments<\/a><\/p>\n<p>[\/et_pb_blurb][et_pb_text _builder_version=&#8221;4.15.1&#8243; text_orientation=&#8221;center&#8221; global_colors_info=&#8221;{}&#8221; theme_builder_area=&#8221;post_content&#8221;]<\/p>\n<p><a class=\"btn-blue\" title=\"Orthopaedist in D\u00fcsseldorf\" href=\"https:\/\/dus-orthopaedie-unfallchirurgie.de\/en\/location-duesseldorf-grafenberg\/\">To the location<\/a><\/p>\n<p>[\/et_pb_text][\/et_pb_column][et_pb_column type=&#8221;1_3&#8243; _builder_version=&#8221;4.15&#8243; global_colors_info=&#8221;{}&#8221; theme_builder_area=&#8221;post_content&#8221;][et_pb_blurb title=&#8221;Location D-Stockum&#8221; image=&#8221;https:\/\/dus-orthopaedie-unfallchirurgie.de\/wp-content\/uploads\/2020\/07\/standort-dus-stockum_widget.jpg&#8221; alt=&#8221;Location D\u00fcsseldorf Stockum&#8221; module_class=&#8221;standort-kachel&#8221; _builder_version=&#8221;4.15.1&#8243; global_colors_info=&#8221;{}&#8221; theme_builder_area=&#8221;post_content&#8221;]<\/p>\n<p><a class=\"tel\" href=\"tel:021165040408\">0211-65040408<\/a><a class=\"standort\" href=\"https:\/\/dus-orthopaedie-unfallchirurgie.de\/en\/location-duesseldorf-stockum\/\">Amsterdamer Street 36<br \/>40474 D\u00fcsseldorf<\/a><\/p>\n<p><strong>Appointment:<\/strong><\/p>\n<p><a class=\"termin\" href=\"https:\/\/dus-orthopaedie-unfallchirurgie.de\/en\/appointment\/#online-appointment\">Online appointments<\/a><a class=\"termin\" href=\"https:\/\/dus-orthopaedie-unfallchirurgie.de\/en\/appointment\/#private-appointment\">Private appointments<\/a><\/p>\n<p>[\/et_pb_blurb][et_pb_text _builder_version=&#8221;4.15.1&#8243; text_orientation=&#8221;center&#8221; global_colors_info=&#8221;{}&#8221; theme_builder_area=&#8221;post_content&#8221;]<a href=\"https:\/\/dus-orthopaedie-unfallchirurgie.de\/en\/location-duesseldorf-stockum\/\" class=\"btn-blue\" title=\"Orthopaedist in D\u00fcsseldorf\">To the location<\/a>[\/et_pb_text][\/et_pb_column][et_pb_column type=&#8221;1_3&#8243; _builder_version=&#8221;4.15&#8243; global_colors_info=&#8221;{}&#8221; theme_builder_area=&#8221;post_content&#8221;][et_pb_blurb title=&#8221;Location Ratingen&#8221; image=&#8221;https:\/\/dus-orthopaedie-unfallchirurgie.de\/wp-content\/uploads\/2020\/07\/standort-ratingen-dus-ortophaedie.jpg&#8221; alt=&#8221;Location Ratingen&#8221; module_class=&#8221;standort-kachel&#8221; _builder_version=&#8221;4.15.1&#8243; global_colors_info=&#8221;{}&#8221; theme_builder_area=&#8221;post_content&#8221;]<\/p>\n<p><a class=\"tel\" href=\"tel:0210283083\">02102-83083<\/a><a class=\"standort\" href=\"https:\/\/dus-orthopaedie-unfallchirurgie.de\/en\/location-ratingen\/\">Homberger Str. 25<br \/>40882 Ratingen<\/a><\/p>\n<p><strong>Appointment:<\/strong><\/p>\n<p><a class=\"termin\" href=\"https:\/\/dus-orthopaedie-unfallchirurgie.de\/en\/appointment\/#online-appointment\">Online appointments<\/a><a class=\"termin\" href=\"https:\/\/dus-orthopaedie-unfallchirurgie.de\/en\/appointment\/#private-appointment\">Private appointments<\/a><\/p>\n<p>[\/et_pb_blurb][et_pb_text _builder_version=&#8221;4.15.1&#8243; text_orientation=&#8221;center&#8221; global_colors_info=&#8221;{}&#8221; theme_builder_area=&#8221;post_content&#8221;]<a href=\"https:\/\/dus-orthopaedie-unfallchirurgie.de\/en\/location-ratingen\/\" class=\"btn-blue\" title=\"Orthopaedist in Ratingen\">To the location<\/a>[\/et_pb_text][\/et_pb_column][\/et_pb_row][\/et_pb_section]<\/p>\n","protected":false},"excerpt":{"rendered":"<p>Knee specialist in D\u00fcsseldorfHere you can see all the arthroscopic operations of the knee joint that DUS &#8211; Ihr Kniespezialist D\u00fcsseldorf &amp; Ratingen offers. Knee arthroscopy Meniscus refixation Chondroplasty Cruciate ligament rupture surgery Medial shirring or MPFL plasty for traumatic or chronic patellar luxation. Refixation and reconstruction of the collateral ligaments. Bursitis prepatellaris: Bursectomy. ACT [&hellip;]<\/p>\n","protected":false},"author":1,"featured_media":6248,"parent":6274,"menu_order":0,"comment_status":"closed","ping_status":"closed","template":"unterseite.php","meta":{"_acf_changed":false,"_et_pb_use_builder":"on","_et_pb_old_content":"","_et_gb_content_width":"","inline_featured_image":false,"footnotes":""},"class_list":["post-6360","page","type-page","status-publish","has-post-thumbnail","hentry"],"acf":[],"yoast_head":"<!-- This site is optimized with the Yoast SEO plugin v26.1.1 - https:\/\/yoast.com\/wordpress\/plugins\/seo\/ -->\n<title>Knee specialist D\u00fcsseldorf | DUS | Orthopaedics<\/title>\n<meta name=\"description\" content=\"Knee specialist D\u00fcsseldorf - Do you have problems with your knee? Come to DUS - Your orthopaedics in D\u00fcsseldorf &amp; Ratingen.\" \/>\n<meta name=\"robots\" content=\"index, follow, max-snippet:-1, max-image-preview:large, max-video-preview:-1\" \/>\n<link rel=\"canonical\" href=\"https:\/\/www.dus-orthopaedie-unfallchirurgie.de\/en\/services\/knee-specialist-duesseldorf\/\" \/>\n<meta property=\"og:locale\" content=\"en_US\" \/>\n<meta property=\"og:type\" content=\"article\" \/>\n<meta property=\"og:title\" content=\"Knee specialist D\u00fcsseldorf | DUS | Orthopaedics\" \/>\n<meta property=\"og:description\" content=\"Knee specialist D\u00fcsseldorf - Do you have problems with your knee? Come to DUS - Your orthopaedics in D\u00fcsseldorf &amp; Ratingen.\" \/>\n<meta property=\"og:url\" content=\"https:\/\/www.dus-orthopaedie-unfallchirurgie.de\/en\/services\/knee-specialist-duesseldorf\/\" \/>\n<meta property=\"og:site_name\" content=\"Orthop\u00e4die &amp; Unfallchirurgie DUS\" \/>\n<meta property=\"article:modified_time\" content=\"2023-08-14T13:23:53+00:00\" \/>\n<meta property=\"og:image\" content=\"https:\/\/www.dus-orthopaedie-unfallchirurgie.de\/wp-content\/uploads\/2023\/02\/kniespezialist-duesseldorf.jpg\" \/>\n\t<meta property=\"og:image:width\" content=\"1600\" \/>\n\t<meta property=\"og:image:height\" content=\"700\" \/>\n\t<meta property=\"og:image:type\" content=\"image\/jpeg\" \/>\n<meta name=\"twitter:card\" content=\"summary_large_image\" \/>\n<meta name=\"twitter:label1\" content=\"Est. reading time\" \/>\n\t<meta name=\"twitter:data1\" content=\"3 minutes\" \/>\n<!-- \/ Yoast SEO plugin. -->","yoast_head_json":{"title":"Knee specialist D\u00fcsseldorf | DUS | Orthopaedics","description":"Knee specialist D\u00fcsseldorf - Do you have problems with your knee? Come to DUS - Your orthopaedics in D\u00fcsseldorf & Ratingen.","robots":{"index":"index","follow":"follow","max-snippet":"max-snippet:-1","max-image-preview":"max-image-preview:large","max-video-preview":"max-video-preview:-1"},"canonical":"https:\/\/www.dus-orthopaedie-unfallchirurgie.de\/en\/services\/knee-specialist-duesseldorf\/","og_locale":"en_US","og_type":"article","og_title":"Knee specialist D\u00fcsseldorf | DUS | Orthopaedics","og_description":"Knee specialist D\u00fcsseldorf - Do you have problems with your knee? Come to DUS - Your orthopaedics in D\u00fcsseldorf & Ratingen.","og_url":"https:\/\/www.dus-orthopaedie-unfallchirurgie.de\/en\/services\/knee-specialist-duesseldorf\/","og_site_name":"Orthop\u00e4die &amp; Unfallchirurgie DUS","article_modified_time":"2023-08-14T13:23:53+00:00","og_image":[{"width":1600,"height":700,"url":"https:\/\/www.dus-orthopaedie-unfallchirurgie.de\/wp-content\/uploads\/2023\/02\/kniespezialist-duesseldorf.jpg","type":"image\/jpeg"}],"twitter_card":"summary_large_image","twitter_misc":{"Est. reading time":"3 minutes"},"schema":{"@context":"https:\/\/schema.org","@graph":[{"@type":"WebPage","@id":"https:\/\/www.dus-orthopaedie-unfallchirurgie.de\/en\/services\/knee-specialist-duesseldorf\/","url":"https:\/\/www.dus-orthopaedie-unfallchirurgie.de\/en\/services\/knee-specialist-duesseldorf\/","name":"Knee specialist D\u00fcsseldorf | DUS | Orthopaedics","isPartOf":{"@id":"https:\/\/www.dus-orthopaedie-unfallchirurgie.de\/en\/#website"},"primaryImageOfPage":{"@id":"https:\/\/www.dus-orthopaedie-unfallchirurgie.de\/en\/services\/knee-specialist-duesseldorf\/#primaryimage"},"image":{"@id":"https:\/\/www.dus-orthopaedie-unfallchirurgie.de\/en\/services\/knee-specialist-duesseldorf\/#primaryimage"},"thumbnailUrl":"https:\/\/www.dus-orthopaedie-unfallchirurgie.de\/wp-content\/uploads\/2023\/02\/kniespezialist-duesseldorf.jpg","datePublished":"2023-03-17T09:13:47+00:00","dateModified":"2023-08-14T13:23:53+00:00","description":"Knee specialist D\u00fcsseldorf - Do you have problems with your knee? Come to DUS - Your orthopaedics in D\u00fcsseldorf & Ratingen.","breadcrumb":{"@id":"https:\/\/www.dus-orthopaedie-unfallchirurgie.de\/en\/services\/knee-specialist-duesseldorf\/#breadcrumb"},"inLanguage":"en-US","potentialAction":[{"@type":"ReadAction","target":["https:\/\/www.dus-orthopaedie-unfallchirurgie.de\/en\/services\/knee-specialist-duesseldorf\/"]}]},{"@type":"ImageObject","inLanguage":"en-US","@id":"https:\/\/www.dus-orthopaedie-unfallchirurgie.de\/en\/services\/knee-specialist-duesseldorf\/#primaryimage","url":"https:\/\/www.dus-orthopaedie-unfallchirurgie.de\/wp-content\/uploads\/2023\/02\/kniespezialist-duesseldorf.jpg","contentUrl":"https:\/\/www.dus-orthopaedie-unfallchirurgie.de\/wp-content\/uploads\/2023\/02\/kniespezialist-duesseldorf.jpg","width":1600,"height":700},{"@type":"BreadcrumbList","@id":"https:\/\/www.dus-orthopaedie-unfallchirurgie.de\/en\/services\/knee-specialist-duesseldorf\/#breadcrumb","itemListElement":[{"@type":"ListItem","position":1,"name":"Home","item":"https:\/\/www.dus-orthopaedie-unfallchirurgie.de\/en\/"},{"@type":"ListItem","position":2,"name":"Services","item":"https:\/\/www.dus-orthopaedie-unfallchirurgie.de\/en\/services\/"},{"@type":"ListItem","position":3,"name":"Knee specialist D\u00fcsseldorf"}]},{"@type":"WebSite","@id":"https:\/\/www.dus-orthopaedie-unfallchirurgie.de\/en\/#website","url":"https:\/\/www.dus-orthopaedie-unfallchirurgie.de\/en\/","name":"Orthop\u00e4die &amp; Unfallchirurgie DUS","description":"Praxis f\u00fcr konservative und operative Verfahren","publisher":{"@id":"https:\/\/www.dus-orthopaedie-unfallchirurgie.de\/en\/#organization"},"potentialAction":[{"@type":"SearchAction","target":{"@type":"EntryPoint","urlTemplate":"https:\/\/www.dus-orthopaedie-unfallchirurgie.de\/en\/?s={search_term_string}"},"query-input":{"@type":"PropertyValueSpecification","valueRequired":true,"valueName":"search_term_string"}}],"inLanguage":"en-US"},{"@type":"Organization","@id":"https:\/\/www.dus-orthopaedie-unfallchirurgie.de\/en\/#organization","name":"DUS \u2013 Orthop\u00e4die & Unfallchirurgie","url":"https:\/\/www.dus-orthopaedie-unfallchirurgie.de\/en\/","logo":{"@type":"ImageObject","inLanguage":"en-US","@id":"https:\/\/www.dus-orthopaedie-unfallchirurgie.de\/en\/#\/schema\/logo\/image\/","url":"https:\/\/dus-orthopaedie-unfallchirurgie.de\/wp-content\/uploads\/2022\/01\/orthopaedie-duesseldorf-logo.png","contentUrl":"https:\/\/dus-orthopaedie-unfallchirurgie.de\/wp-content\/uploads\/2022\/01\/orthopaedie-duesseldorf-logo.png","width":272,"height":62,"caption":"DUS \u2013 Orthop\u00e4die & Unfallchirurgie"},"image":{"@id":"https:\/\/www.dus-orthopaedie-unfallchirurgie.de\/en\/#\/schema\/logo\/image\/"}}]}},"_links":{"self":[{"href":"https:\/\/www.dus-orthopaedie-unfallchirurgie.de\/en\/wp-json\/wp\/v2\/pages\/6360","targetHints":{"allow":["GET"]}}],"collection":[{"href":"https:\/\/www.dus-orthopaedie-unfallchirurgie.de\/en\/wp-json\/wp\/v2\/pages"}],"about":[{"href":"https:\/\/www.dus-orthopaedie-unfallchirurgie.de\/en\/wp-json\/wp\/v2\/types\/page"}],"author":[{"embeddable":true,"href":"https:\/\/www.dus-orthopaedie-unfallchirurgie.de\/en\/wp-json\/wp\/v2\/users\/1"}],"replies":[{"embeddable":true,"href":"https:\/\/www.dus-orthopaedie-unfallchirurgie.de\/en\/wp-json\/wp\/v2\/comments?post=6360"}],"version-history":[{"count":3,"href":"https:\/\/www.dus-orthopaedie-unfallchirurgie.de\/en\/wp-json\/wp\/v2\/pages\/6360\/revisions"}],"predecessor-version":[{"id":6703,"href":"https:\/\/www.dus-orthopaedie-unfallchirurgie.de\/en\/wp-json\/wp\/v2\/pages\/6360\/revisions\/6703"}],"up":[{"embeddable":true,"href":"https:\/\/www.dus-orthopaedie-unfallchirurgie.de\/en\/wp-json\/wp\/v2\/pages\/6274"}],"wp:featuredmedia":[{"embeddable":true,"href":"https:\/\/www.dus-orthopaedie-unfallchirurgie.de\/en\/wp-json\/wp\/v2\/media\/6248"}],"wp:attachment":[{"href":"https:\/\/www.dus-orthopaedie-unfallchirurgie.de\/en\/wp-json\/wp\/v2\/media?parent=6360"}],"curies":[{"name":"wp","href":"https:\/\/api.w.org\/{rel}","templated":true}]}}