{"id":6486,"date":"2020-07-28T15:32:47","date_gmt":"2020-07-28T13:32:47","guid":{"rendered":"https:\/\/dus-orthopaedie-unfallchirurgie.de\/about-us\/dr-med-leonid-bluem\/"},"modified":"2023-08-09T09:02:20","modified_gmt":"2023-08-09T07:02:20","slug":"dr-med-leonid-bluem","status":"publish","type":"page","link":"https:\/\/www.dus-orthopaedie-unfallchirurgie.de\/en\/about-us\/dr-med-leonid-bluem\/","title":{"rendered":"Dr. med. Leonid Bl\u00fcm"},"content":{"rendered":"<p>[et_pb_section fb_built=&#8221;1&#8243; _builder_version=&#8221;4.1&#8243;][et_pb_row _builder_version=&#8221;4.1&#8243;][et_pb_column type=&#8221;4_4&#8243; _builder_version=&#8221;4.1&#8243;][et_pb_text admin_label=&#8221;Arzt Text&#8221; _builder_version=&#8221;4.1&#8243; text_orientation=&#8221;center&#8221;]<\/p>\n<h2>Dr. med. Leonid Bl\u00fcm<\/h2>\n<p>Specialist in orthopaedics and trauma surgery<br \/>\nHello, my name is Dr. med. Leonid Bl\u00fcm and I am pleased to welcome you to our practice pages.[\/et_pb_text][\/et_pb_column][\/et_pb_row][\/et_pb_section][et_pb_section fb_built=&#8221;1&#8243; _builder_version=&#8221;4.1&#8243;][et_pb_row _builder_version=&#8221;4.1&#8243;][et_pb_column type=&#8221;4_4&#8243; _builder_version=&#8221;4.1&#8243;][et_pb_text admin_label=&#8221;Vita&#8221; _builder_version=&#8221;4.1&#8243; text_orientation=&#8221;center&#8221;]<\/p>\n<h2>Vita<\/h2>\n<p>[\/et_pb_text][et_pb_accordion module_class=&#8221;arzt-acc&#8221; _builder_version=&#8221;4.1&#8243;][et_pb_accordion_item title=&#8221;PROFESSIONAL CAREER&#8221; open=&#8221;on&#8221; _builder_version=&#8221;4.1&#8243; custom_css_before=&#8221;    content: %22%22;||    height: 100px;||    width: 100px;||    background-image: url(\/wp-content\/themes\/AWEOS\/svg\/werdegang.svg);||    position: absolute;||    left: 10px;||    background-repeat: no-repeat;&#8221;]<\/p>\n<table>\n<tr>\n<td valign=\"top\">05\/2005 \u2013 01\/2007<\/td>\n<td>Resident in the Department of Visceral Surgery and Trauma Surgery at the Evangelisches Krankenhaus Oberhausen.<\/td>\n<\/tr>\n<tr>\n<td valign=\"top\">01\/2007 \u2013 06\/2007<\/td>\n<td>Resident in the intensive care unit in the anaesthesiology department of the Evangelisches Krankenhaus Oberhausen.<\/td>\n<\/tr>\n<tr>\n<td valign=\"top\">06\/2007 \u2013 03\/2008<\/td>\n<td>Resident in the Department of Orthopaedics and Trauma Surgery at the Evangelisches Krankenhaus Oberhausen.<\/td>\n<\/tr>\n<tr>\n<td valign=\"top\">04\/2008 \u2013 07\/2011<\/td>\n<td>Assistant physician in the department of orthopaedics\/trauma surgery at the Catholic Hospital Duisburg.<\/td>\n<\/tr>\n<tr>\n<td valign=\"top\">07\/2011 \u2013 12\/2011<\/td>\n<td>Specialist in the Department of Orthopaedics and Trauma Surgery at the Catholic Hospital Duisburg.<\/td>\n<\/tr>\n<tr>\n<td valign=\"top\">01\/2012 \u2013 12\/2014<\/td>\n<td>Senior physician in the department of orthopaedics\/trauma surgery and orthopaedic rheumatology at Helios Klinikum Duisburg.<\/td>\n<\/tr>\n<tr>\n<td valign=\"top\">12\/2014 \u2013 07\/2016<\/td>\n<td>Senior physician in orthopaedics\/trauma surgery at Malteser Hospital St. Anna Duisburg<\/td>\n<\/tr>\n<\/table>\n<p>[\/et_pb_accordion_item][et_pb_accordion_item title=&#8221;ADDITIONAL DATA&#8221; _builder_version=&#8221;4.1&#8243; custom_css_before=&#8221;    content: %22%22;||    height: 100px;||    width: 100px;||    background-image: url(\/wp-content\/themes\/AWEOS\/svg\/zusatzdaten.svg);||    position: absolute;||    left: 10px;||    background-repeat: no-repeat;&#8221; open=&#8221;off&#8221;]<\/p>\n<table>\n<tr>\n<td valign=\"top\">04\/2009<\/td>\n<td>Acquisition of the doctorate (Dr. med.)<\/td>\n<\/tr>\n<tr>\n<td valign=\"top\">07\/2011<\/td>\n<td>Specialist in orthopaedics\/trauma surgery<\/td>\n<\/tr>\n<tr>\n<td valign=\"top\">09\/2014<\/td>\n<td>Additional title orthopaedic rheumatology<\/td>\n<\/tr>\n<\/table>\n<p>[\/et_pb_accordion_item][et_pb_accordion_item title=&#8221;ADDITIONAL QUALIFICATIONS&#8221; _builder_version=&#8221;4.1&#8243; custom_css_before=&#8221;    content: %22%22;||    height: 100px;||    width: 100px;||    background-image: url(\/wp-content\/themes\/AWEOS\/svg\/qualifikation.svg);||    position: absolute;||    left: 10px;||    background-repeat: no-repeat;&#8221; open=&#8221;off&#8221;]<\/p>\n<table>\n<tr>\n<td valign=\"top\"><\/td>\n<td>Emergency doctor<\/td>\n<\/tr>\n<tr>\n<td valign=\"top\"><\/td>\n<td>Certified Foot Surgeon GFFC<\/td>\n<\/tr>\n<tr>\n<td valign=\"top\"><\/td>\n<td>Certified assessor of the AeKNo<\/td>\n<\/tr>\n<\/table>\n<p>[\/et_pb_accordion_item][\/et_pb_accordion][\/et_pb_column][\/et_pb_row][\/et_pb_section][et_pb_section fb_built=&#8221;1&#8243; _builder_version=&#8221;4.1&#8243;][et_pb_row _builder_version=&#8221;4.1&#8243;][et_pb_column type=&#8221;4_4&#8243; _builder_version=&#8221;4.1&#8243;][et_pb_text admin_label=&#8221;Arzt&#8221; _builder_version=&#8221;4.1&#8243; text_orientation=&#8221;center&#8221;]<\/p>\n<h2>Leonid Bl\u00fcm, MD Brief introduction<\/h2>\n<p>In this video I introduce myself to you personally. Get to know me in this short video. <em>(You speak Russian? Then click <a href=\"https:\/\/youtu.be\/prjz8eBjBu0\" target=\"_blank\" rel=\"nofollow noopener noreferrer\">here<\/a>).<\/em>[\/et_pb_text][et_pb_code _builder_version=&#8221;4.1&#8243;]<iframe loading=\"lazy\" width=\"560\" height=\"315\" src=\"https:\/\/www.youtube.com\/embed\/ffcHgg1GAns\" frameborder=\"0\" allow=\"accelerometer; autoplay; encrypted-media; gyroscope; picture-in-picture\" allowfullscreen=\"\"><\/iframe>[\/et_pb_code][\/et_pb_column][\/et_pb_row][\/et_pb_section]<\/p>\n","protected":false},"excerpt":{"rendered":"<p>Dr. med. Leonid Bl\u00fcm Specialist in orthopaedics and trauma surgery Hello, my name is Dr. med. Leonid Bl\u00fcm and I am pleased to welcome you to our practice pages.Vita 05\/2005 \u2013 01\/2007Resident in the Department of Visceral Surgery and Trauma Surgery at the Evangelisches Krankenhaus Oberhausen. 01\/2007 \u2013 06\/2007Resident in the intensive care unit in [&hellip;]<\/p>\n","protected":false},"author":1,"featured_media":9920,"parent":6262,"menu_order":0,"comment_status":"closed","ping_status":"closed","template":"unterseite-aerzte.php","meta":{"_acf_changed":false,"_et_pb_use_builder":"on","_et_pb_old_content":"","_et_gb_content_width":"","inline_featured_image":false,"footnotes":""},"class_list":["post-6486","page","type-page","status-publish","has-post-thumbnail","hentry"],"acf":[],"yoast_head":"<!-- This site is optimized with the Yoast SEO plugin v26.1.1 - https:\/\/yoast.com\/wordpress\/plugins\/seo\/ -->\n<title>Dr. med. Leonid Bl\u00fcm | DUS - Orthopaedics &amp; Trauma Surgery<\/title>\n<meta name=\"description\" content=\"Make an appointment with Dr. med. Leonid Bl\u00fcm online. Make an appointment with Dr. med. Leonid Bl\u00fcm online. Locations: D-Stockum &amp; D-Grafenberg\" \/>\n<meta name=\"robots\" content=\"index, follow, max-snippet:-1, max-image-preview:large, max-video-preview:-1\" \/>\n<link rel=\"canonical\" href=\"https:\/\/www.dus-orthopaedie-unfallchirurgie.de\/en\/about-us\/dr-med-leonid-bluem\/\" \/>\n<meta property=\"og:locale\" content=\"en_US\" \/>\n<meta property=\"og:type\" content=\"article\" \/>\n<meta property=\"og:title\" content=\"Dr. med. Leonid Bl\u00fcm | DUS - Orthopaedics &amp; Trauma Surgery\" \/>\n<meta property=\"og:description\" content=\"Make an appointment with Dr. med. Leonid Bl\u00fcm online. Make an appointment with Dr. med. Leonid Bl\u00fcm online. Locations: D-Stockum &amp; D-Grafenberg\" \/>\n<meta property=\"og:url\" content=\"https:\/\/www.dus-orthopaedie-unfallchirurgie.de\/en\/about-us\/dr-med-leonid-bluem\/\" \/>\n<meta property=\"og:site_name\" content=\"Orthop\u00e4die &amp; Unfallchirurgie DUS\" \/>\n<meta property=\"article:modified_time\" content=\"2023-08-09T07:02:20+00:00\" \/>\n<meta property=\"og:image\" content=\"https:\/\/www.dus-orthopaedie-unfallchirurgie.de\/wp-content\/uploads\/2025\/12\/Leo-Bluem.jpg\" \/>\n\t<meta property=\"og:image:width\" content=\"300\" \/>\n\t<meta property=\"og:image:height\" content=\"300\" \/>\n\t<meta property=\"og:image:type\" content=\"image\/jpeg\" \/>\n<meta name=\"twitter:card\" content=\"summary_large_image\" \/>\n<meta name=\"twitter:label1\" content=\"Est. reading time\" \/>\n\t<meta name=\"twitter:data1\" content=\"2 minutes\" \/>\n<!-- \/ Yoast SEO plugin. -->","yoast_head_json":{"title":"Dr. med. Leonid Bl\u00fcm | DUS - Orthopaedics & Trauma Surgery","description":"Make an appointment with Dr. med. Leonid Bl\u00fcm online. Make an appointment with Dr. med. Leonid Bl\u00fcm online. Locations: D-Stockum & D-Grafenberg","robots":{"index":"index","follow":"follow","max-snippet":"max-snippet:-1","max-image-preview":"max-image-preview:large","max-video-preview":"max-video-preview:-1"},"canonical":"https:\/\/www.dus-orthopaedie-unfallchirurgie.de\/en\/about-us\/dr-med-leonid-bluem\/","og_locale":"en_US","og_type":"article","og_title":"Dr. med. Leonid Bl\u00fcm | DUS - Orthopaedics & Trauma Surgery","og_description":"Make an appointment with Dr. med. Leonid Bl\u00fcm online. Make an appointment with Dr. med. Leonid Bl\u00fcm online. Locations: D-Stockum & D-Grafenberg","og_url":"https:\/\/www.dus-orthopaedie-unfallchirurgie.de\/en\/about-us\/dr-med-leonid-bluem\/","og_site_name":"Orthop\u00e4die &amp; Unfallchirurgie DUS","article_modified_time":"2023-08-09T07:02:20+00:00","og_image":[{"width":300,"height":300,"url":"https:\/\/www.dus-orthopaedie-unfallchirurgie.de\/wp-content\/uploads\/2025\/12\/Leo-Bluem.jpg","type":"image\/jpeg"}],"twitter_card":"summary_large_image","twitter_misc":{"Est. reading time":"2 minutes"},"schema":{"@context":"https:\/\/schema.org","@graph":[{"@type":"WebPage","@id":"https:\/\/www.dus-orthopaedie-unfallchirurgie.de\/en\/about-us\/dr-med-leonid-bluem\/","url":"https:\/\/www.dus-orthopaedie-unfallchirurgie.de\/en\/about-us\/dr-med-leonid-bluem\/","name":"Dr. med. Leonid Bl\u00fcm | DUS - Orthopaedics & Trauma Surgery","isPartOf":{"@id":"https:\/\/www.dus-orthopaedie-unfallchirurgie.de\/en\/#website"},"primaryImageOfPage":{"@id":"https:\/\/www.dus-orthopaedie-unfallchirurgie.de\/en\/about-us\/dr-med-leonid-bluem\/#primaryimage"},"image":{"@id":"https:\/\/www.dus-orthopaedie-unfallchirurgie.de\/en\/about-us\/dr-med-leonid-bluem\/#primaryimage"},"thumbnailUrl":"https:\/\/www.dus-orthopaedie-unfallchirurgie.de\/wp-content\/uploads\/2025\/12\/Leo-Bluem.jpg","datePublished":"2020-07-28T13:32:47+00:00","dateModified":"2023-08-09T07:02:20+00:00","description":"Make an appointment with Dr. med. Leonid Bl\u00fcm online. Make an appointment with Dr. med. Leonid Bl\u00fcm online. Locations: D-Stockum & D-Grafenberg","breadcrumb":{"@id":"https:\/\/www.dus-orthopaedie-unfallchirurgie.de\/en\/about-us\/dr-med-leonid-bluem\/#breadcrumb"},"inLanguage":"en-US","potentialAction":[{"@type":"ReadAction","target":["https:\/\/www.dus-orthopaedie-unfallchirurgie.de\/en\/about-us\/dr-med-leonid-bluem\/"]}]},{"@type":"ImageObject","inLanguage":"en-US","@id":"https:\/\/www.dus-orthopaedie-unfallchirurgie.de\/en\/about-us\/dr-med-leonid-bluem\/#primaryimage","url":"https:\/\/www.dus-orthopaedie-unfallchirurgie.de\/wp-content\/uploads\/2025\/12\/Leo-Bluem.jpg","contentUrl":"https:\/\/www.dus-orthopaedie-unfallchirurgie.de\/wp-content\/uploads\/2025\/12\/Leo-Bluem.jpg","width":300,"height":300},{"@type":"BreadcrumbList","@id":"https:\/\/www.dus-orthopaedie-unfallchirurgie.de\/en\/about-us\/dr-med-leonid-bluem\/#breadcrumb","itemListElement":[{"@type":"ListItem","position":1,"name":"Home","item":"https:\/\/www.dus-orthopaedie-unfallchirurgie.de\/en\/"},{"@type":"ListItem","position":2,"name":"About us","item":"https:\/\/www.dus-orthopaedie-unfallchirurgie.de\/en\/about-us\/"},{"@type":"ListItem","position":3,"name":"Dr. med. Leonid Bl\u00fcm"}]},{"@type":"WebSite","@id":"https:\/\/www.dus-orthopaedie-unfallchirurgie.de\/en\/#website","url":"https:\/\/www.dus-orthopaedie-unfallchirurgie.de\/en\/","name":"Orthop\u00e4die &amp; Unfallchirurgie DUS","description":"Praxis f\u00fcr konservative und operative Verfahren","publisher":{"@id":"https:\/\/www.dus-orthopaedie-unfallchirurgie.de\/en\/#organization"},"potentialAction":[{"@type":"SearchAction","target":{"@type":"EntryPoint","urlTemplate":"https:\/\/www.dus-orthopaedie-unfallchirurgie.de\/en\/?s={search_term_string}"},"query-input":{"@type":"PropertyValueSpecification","valueRequired":true,"valueName":"search_term_string"}}],"inLanguage":"en-US"},{"@type":"Organization","@id":"https:\/\/www.dus-orthopaedie-unfallchirurgie.de\/en\/#organization","name":"DUS \u2013 Orthop\u00e4die & Unfallchirurgie","url":"https:\/\/www.dus-orthopaedie-unfallchirurgie.de\/en\/","logo":{"@type":"ImageObject","inLanguage":"en-US","@id":"https:\/\/www.dus-orthopaedie-unfallchirurgie.de\/en\/#\/schema\/logo\/image\/","url":"https:\/\/dus-orthopaedie-unfallchirurgie.de\/wp-content\/uploads\/2022\/01\/orthopaedie-duesseldorf-logo.png","contentUrl":"https:\/\/dus-orthopaedie-unfallchirurgie.de\/wp-content\/uploads\/2022\/01\/orthopaedie-duesseldorf-logo.png","width":272,"height":62,"caption":"DUS \u2013 Orthop\u00e4die & Unfallchirurgie"},"image":{"@id":"https:\/\/www.dus-orthopaedie-unfallchirurgie.de\/en\/#\/schema\/logo\/image\/"}}]}},"_links":{"self":[{"href":"https:\/\/www.dus-orthopaedie-unfallchirurgie.de\/en\/wp-json\/wp\/v2\/pages\/6486","targetHints":{"allow":["GET"]}}],"collection":[{"href":"https:\/\/www.dus-orthopaedie-unfallchirurgie.de\/en\/wp-json\/wp\/v2\/pages"}],"about":[{"href":"https:\/\/www.dus-orthopaedie-unfallchirurgie.de\/en\/wp-json\/wp\/v2\/types\/page"}],"author":[{"embeddable":true,"href":"https:\/\/www.dus-orthopaedie-unfallchirurgie.de\/en\/wp-json\/wp\/v2\/users\/1"}],"replies":[{"embeddable":true,"href":"https:\/\/www.dus-orthopaedie-unfallchirurgie.de\/en\/wp-json\/wp\/v2\/comments?post=6486"}],"version-history":[{"count":2,"href":"https:\/\/www.dus-orthopaedie-unfallchirurgie.de\/en\/wp-json\/wp\/v2\/pages\/6486\/revisions"}],"predecessor-version":[{"id":6488,"href":"https:\/\/www.dus-orthopaedie-unfallchirurgie.de\/en\/wp-json\/wp\/v2\/pages\/6486\/revisions\/6488"}],"up":[{"embeddable":true,"href":"https:\/\/www.dus-orthopaedie-unfallchirurgie.de\/en\/wp-json\/wp\/v2\/pages\/6262"}],"wp:featuredmedia":[{"embeddable":true,"href":"https:\/\/www.dus-orthopaedie-unfallchirurgie.de\/en\/wp-json\/wp\/v2\/media\/9920"}],"wp:attachment":[{"href":"https:\/\/www.dus-orthopaedie-unfallchirurgie.de\/en\/wp-json\/wp\/v2\/media?parent=6486"}],"curies":[{"name":"wp","href":"https:\/\/api.w.org\/{rel}","templated":true}]}}