{"id":6492,"date":"2020-07-28T17:18:19","date_gmt":"2020-07-28T15:18:19","guid":{"rendered":"https:\/\/dus-orthopaedie-unfallchirurgie.de\/about-us\/goekhan-dogan\/"},"modified":"2023-08-09T09:02:18","modified_gmt":"2023-08-09T07:02:18","slug":"goekhan-dogan","status":"publish","type":"page","link":"https:\/\/www.dus-orthopaedie-unfallchirurgie.de\/en\/about-us\/goekhan-dogan\/","title":{"rendered":"G\u00f6khan Dogan"},"content":{"rendered":"<p>[et_pb_section fb_built=&#8221;1&#8243; _builder_version=&#8221;4.15&#8243; global_colors_info=&#8221;{}&#8221;][et_pb_row _builder_version=&#8221;4.15&#8243; global_colors_info=&#8221;{}&#8221;][et_pb_column type=&#8221;4_4&#8243; _builder_version=&#8221;4.15&#8243; global_colors_info=&#8221;{}&#8221;][et_pb_text admin_label=&#8221;Arzt Text&#8221; _builder_version=&#8221;4.15&#8243; text_orientation=&#8221;center&#8221; global_colors_info=&#8221;{}&#8221;]<\/p>\n<h2>G\u00f6khan Dogan<\/h2>\n<p>Specialist in orthopaedics and trauma surgery<br \/>\nHello, my name is G\u00f6khan Dogan and I am pleased to welcome you to our website.[\/et_pb_text][\/et_pb_column][\/et_pb_row][\/et_pb_section][et_pb_section fb_built=&#8221;1&#8243; _builder_version=&#8221;4.15&#8243; global_colors_info=&#8221;{}&#8221;][et_pb_row _builder_version=&#8221;4.15.1&#8243; hover_enabled=&#8221;0&#8243; global_colors_info=&#8221;{}&#8221; module_class=&#8221;feser&#8221; sticky_enabled=&#8221;0&#8243;][et_pb_column type=&#8221;4_4&#8243; _builder_version=&#8221;4.15&#8243; global_colors_info=&#8221;{}&#8221;][et_pb_text admin_label=&#8221;Vita&#8221; _builder_version=&#8221;4.15&#8243; text_orientation=&#8221;center&#8221; global_colors_info=&#8221;{}&#8221;]<\/p>\n<h2>Vita<\/h2>\n<p>[\/et_pb_text][et_pb_accordion module_class=&#8221;arzt-acc&#8221; _builder_version=&#8221;4.15&#8243; global_colors_info=&#8221;{}&#8221;][et_pb_accordion_item title=&#8221;PROFESSIONAL CAREER&#8221; open=&#8221;on&#8221; _builder_version=&#8221;4.15&#8243; custom_css_before=&#8221;    content: %22%22;||    height: 100px;||    width: 100px;||    background-image: url(\/wp-content\/themes\/AWEOS\/svg\/werdegang.svg);||    position: absolute;||    left: 10px;||    background-repeat: no-repeat;&#8221; global_colors_info=&#8221;{}&#8221;]<\/p>\n<table>\n<tr>\n<td valign=\"top\">10\/2014 \u2013 01\/2020<\/td>\n<td>Senior physician at Malteser Krankenhaus St. Josefshospital Uerdingen<br \/>\nsection head of joint-preserving surgery<\/p>\n<p>department of orthopaedics and trauma surgery<br \/>\nDr. med. Frank Bischof<\/td>\n<\/tr>\n<tr>\n<td valign=\"top\">10\/2009 \u2013 12\/2009<\/td>\n<td>St. Josefshopital Uerdingen<\/p>\n<p>Department of General and Visceral Surgery<br \/>\nDr. med. Wilhem- Ulrich Schmidt<\/td>\n<\/tr>\n<tr>\n<td valign=\"top\">01\/2007 \u2013 09\/2009<\/td>\n<td>St. Josefshospital Uerdingen<\/p>\n<p>Department of General, Visceral and Trauma Surgery<br \/>\nDr. med. Johannes M\u00fcsgens<\/td>\n<\/tr>\n<\/table>\n<p>[\/et_pb_accordion_item][et_pb_accordion_item title=&#8221;PROFESSIONAL QUALIFICATIONS&#8221; _builder_version=&#8221;4.15&#8243; custom_css_before=&#8221;    content: %22%22;||    height: 100px;||    width: 100px;||    background-image: url(\/wp-content\/themes\/AWEOS\/svg\/zusatzdaten.svg);||    position: absolute;||    left: 10px;||    background-repeat: no-repeat;&#8221; global_colors_info=&#8221;{}&#8221; open=&#8221;off&#8221;]<\/p>\n<table>\n<tr>\n<td valign=\"top\">04\/2016<\/td>\n<td>Granting of permission to obtain autologous tissue cells (cartilage cells) and autologous blood for the production of autologen<br \/>\nCartilage cell transplants.<\/td>\n<\/tr>\n<tr>\n<td valign=\"top\">04\/2015<\/td>\n<td>Specialist qualification in orthopaedics and trauma surgery (North Rhine Medical Association)<\/td>\n<\/tr>\n<tr>\n<td valign=\"top\">03\/2010<\/td>\n<td>Rescue service specialist knowledge<\/td>\n<\/tr>\n<tr>\n<td valign=\"top\">11\/2009<\/td>\n<td>Specialized knowledge in emergency diagnostics<br \/>\nSpecialized knowledge in radiation protection (X-ray diagnostics of the entire skeleton and X-ray diagnostics of the thorax)<\/td>\n<\/tr>\n<\/table>\n<p>[\/et_pb_accordion_item][et_pb_accordion_item title=&#8221;SCHOOL &amp; HIGHER EDUCATION&#8221; _builder_version=&#8221;4.15&#8243; custom_css_before=&#8221;    content: %22%22;||    height: 100px;||    width: 100px;||    background-image: url(\/wp-content\/themes\/AWEOS\/svg\/studium.svg);||    position: absolute;||    left: 10px;||    background-repeat: no-repeat;&#8221; global_colors_info=&#8221;{}&#8221; open=&#8221;off&#8221;]<\/p>\n<table>\n<tr>\n<td valign=\"top\">1999 \u2013 2001<\/td>\n<td>Study of human medicine at the Heinrich Heine University, D\u00fcsseldorf<\/td>\n<\/tr>\n<tr>\n<td valign=\"top\">1995 \u2013 1999<\/td>\n<td>Lessing Gymnasium and Berufskolleg, D\u00fcsseldorf<\/p>\n<p>Degree: General higher education entrance qualification<\/td>\n<\/tr>\n<tr>\n<td valign=\"top\">1992 \u2013 1995<\/td>\n<td>Max-Planck Gymnasium, R\u00fcsselsheim<\/td>\n<\/tr>\n<\/table>\n<p>[\/et_pb_accordion_item][\/et_pb_accordion][\/et_pb_column][\/et_pb_row][\/et_pb_section]<\/p>\n","protected":false},"excerpt":{"rendered":"<p>G\u00f6khan Dogan Specialist in orthopaedics and trauma surgery Hello, my name is G\u00f6khan Dogan and I am pleased to welcome you to our website.Vita 10\/2014 \u2013 01\/2020Senior physician at Malteser Krankenhaus St. Josefshospital Uerdingen section head of joint-preserving surgery department of orthopaedics and trauma surgery Dr. med. Frank Bischof 10\/2009 \u2013 12\/2009St. Josefshopital Uerdingen Department [&hellip;]<\/p>\n","protected":false},"author":1,"featured_media":9923,"parent":6262,"menu_order":0,"comment_status":"closed","ping_status":"closed","template":"unterseite-aerzte.php","meta":{"_acf_changed":false,"_et_pb_use_builder":"on","_et_pb_old_content":"","_et_gb_content_width":"","inline_featured_image":false,"footnotes":""},"class_list":["post-6492","page","type-page","status-publish","has-post-thumbnail","hentry"],"acf":[],"yoast_head":"<!-- This site is optimized with the Yoast SEO plugin v26.1.1 - https:\/\/yoast.com\/wordpress\/plugins\/seo\/ -->\n<title>G\u00f6khan Dogan | DUS - Orthopaedics &amp; Trauma Surgery<\/title>\n<meta name=\"description\" content=\"Make an appointment online with Mr. G\u00f6khan Dogan. Your specialist for orthopaedics and trauma surgery. Location: Grafenberg (D\u00fcsseldorf)\" \/>\n<meta name=\"robots\" content=\"index, follow, max-snippet:-1, max-image-preview:large, max-video-preview:-1\" \/>\n<link rel=\"canonical\" href=\"https:\/\/www.dus-orthopaedie-unfallchirurgie.de\/en\/about-us\/goekhan-dogan\/\" \/>\n<meta property=\"og:locale\" content=\"en_US\" \/>\n<meta property=\"og:type\" content=\"article\" \/>\n<meta property=\"og:title\" content=\"G\u00f6khan Dogan | DUS - Orthopaedics &amp; Trauma Surgery\" \/>\n<meta property=\"og:description\" content=\"Make an appointment online with Mr. G\u00f6khan Dogan. Your specialist for orthopaedics and trauma surgery. Location: Grafenberg (D\u00fcsseldorf)\" \/>\n<meta property=\"og:url\" content=\"https:\/\/www.dus-orthopaedie-unfallchirurgie.de\/en\/about-us\/goekhan-dogan\/\" \/>\n<meta property=\"og:site_name\" content=\"Orthop\u00e4die &amp; Unfallchirurgie DUS\" \/>\n<meta property=\"article:modified_time\" content=\"2023-08-09T07:02:18+00:00\" \/>\n<meta property=\"og:image\" content=\"https:\/\/www.dus-orthopaedie-unfallchirurgie.de\/wp-content\/uploads\/2025\/12\/Goekhan-Dogan.jpg\" \/>\n\t<meta property=\"og:image:width\" content=\"300\" \/>\n\t<meta property=\"og:image:height\" content=\"300\" \/>\n\t<meta property=\"og:image:type\" content=\"image\/jpeg\" \/>\n<meta name=\"twitter:card\" content=\"summary_large_image\" \/>\n<meta name=\"twitter:label1\" content=\"Est. reading time\" \/>\n\t<meta name=\"twitter:data1\" content=\"2 minutes\" \/>\n<!-- \/ Yoast SEO plugin. -->","yoast_head_json":{"title":"G\u00f6khan Dogan | DUS - Orthopaedics & Trauma Surgery","description":"Make an appointment online with Mr. G\u00f6khan Dogan. Your specialist for orthopaedics and trauma surgery. Location: Grafenberg (D\u00fcsseldorf)","robots":{"index":"index","follow":"follow","max-snippet":"max-snippet:-1","max-image-preview":"max-image-preview:large","max-video-preview":"max-video-preview:-1"},"canonical":"https:\/\/www.dus-orthopaedie-unfallchirurgie.de\/en\/about-us\/goekhan-dogan\/","og_locale":"en_US","og_type":"article","og_title":"G\u00f6khan Dogan | DUS - Orthopaedics & Trauma Surgery","og_description":"Make an appointment online with Mr. G\u00f6khan Dogan. Your specialist for orthopaedics and trauma surgery. Location: Grafenberg (D\u00fcsseldorf)","og_url":"https:\/\/www.dus-orthopaedie-unfallchirurgie.de\/en\/about-us\/goekhan-dogan\/","og_site_name":"Orthop\u00e4die &amp; Unfallchirurgie DUS","article_modified_time":"2023-08-09T07:02:18+00:00","og_image":[{"width":300,"height":300,"url":"https:\/\/www.dus-orthopaedie-unfallchirurgie.de\/wp-content\/uploads\/2025\/12\/Goekhan-Dogan.jpg","type":"image\/jpeg"}],"twitter_card":"summary_large_image","twitter_misc":{"Est. reading time":"2 minutes"},"schema":{"@context":"https:\/\/schema.org","@graph":[{"@type":"WebPage","@id":"https:\/\/www.dus-orthopaedie-unfallchirurgie.de\/en\/about-us\/goekhan-dogan\/","url":"https:\/\/www.dus-orthopaedie-unfallchirurgie.de\/en\/about-us\/goekhan-dogan\/","name":"G\u00f6khan Dogan | DUS - Orthopaedics & Trauma Surgery","isPartOf":{"@id":"https:\/\/www.dus-orthopaedie-unfallchirurgie.de\/en\/#website"},"primaryImageOfPage":{"@id":"https:\/\/www.dus-orthopaedie-unfallchirurgie.de\/en\/about-us\/goekhan-dogan\/#primaryimage"},"image":{"@id":"https:\/\/www.dus-orthopaedie-unfallchirurgie.de\/en\/about-us\/goekhan-dogan\/#primaryimage"},"thumbnailUrl":"https:\/\/www.dus-orthopaedie-unfallchirurgie.de\/wp-content\/uploads\/2025\/12\/Goekhan-Dogan.jpg","datePublished":"2020-07-28T15:18:19+00:00","dateModified":"2023-08-09T07:02:18+00:00","description":"Make an appointment online with Mr. G\u00f6khan Dogan. Your specialist for orthopaedics and trauma surgery. Location: Grafenberg (D\u00fcsseldorf)","breadcrumb":{"@id":"https:\/\/www.dus-orthopaedie-unfallchirurgie.de\/en\/about-us\/goekhan-dogan\/#breadcrumb"},"inLanguage":"en-US","potentialAction":[{"@type":"ReadAction","target":["https:\/\/www.dus-orthopaedie-unfallchirurgie.de\/en\/about-us\/goekhan-dogan\/"]}]},{"@type":"ImageObject","inLanguage":"en-US","@id":"https:\/\/www.dus-orthopaedie-unfallchirurgie.de\/en\/about-us\/goekhan-dogan\/#primaryimage","url":"https:\/\/www.dus-orthopaedie-unfallchirurgie.de\/wp-content\/uploads\/2025\/12\/Goekhan-Dogan.jpg","contentUrl":"https:\/\/www.dus-orthopaedie-unfallchirurgie.de\/wp-content\/uploads\/2025\/12\/Goekhan-Dogan.jpg","width":300,"height":300},{"@type":"BreadcrumbList","@id":"https:\/\/www.dus-orthopaedie-unfallchirurgie.de\/en\/about-us\/goekhan-dogan\/#breadcrumb","itemListElement":[{"@type":"ListItem","position":1,"name":"Home","item":"https:\/\/www.dus-orthopaedie-unfallchirurgie.de\/en\/"},{"@type":"ListItem","position":2,"name":"About us","item":"https:\/\/www.dus-orthopaedie-unfallchirurgie.de\/en\/about-us\/"},{"@type":"ListItem","position":3,"name":"G\u00f6khan Dogan"}]},{"@type":"WebSite","@id":"https:\/\/www.dus-orthopaedie-unfallchirurgie.de\/en\/#website","url":"https:\/\/www.dus-orthopaedie-unfallchirurgie.de\/en\/","name":"Orthop\u00e4die &amp; Unfallchirurgie DUS","description":"Praxis f\u00fcr konservative und operative Verfahren","publisher":{"@id":"https:\/\/www.dus-orthopaedie-unfallchirurgie.de\/en\/#organization"},"potentialAction":[{"@type":"SearchAction","target":{"@type":"EntryPoint","urlTemplate":"https:\/\/www.dus-orthopaedie-unfallchirurgie.de\/en\/?s={search_term_string}"},"query-input":{"@type":"PropertyValueSpecification","valueRequired":true,"valueName":"search_term_string"}}],"inLanguage":"en-US"},{"@type":"Organization","@id":"https:\/\/www.dus-orthopaedie-unfallchirurgie.de\/en\/#organization","name":"DUS \u2013 Orthop\u00e4die & Unfallchirurgie","url":"https:\/\/www.dus-orthopaedie-unfallchirurgie.de\/en\/","logo":{"@type":"ImageObject","inLanguage":"en-US","@id":"https:\/\/www.dus-orthopaedie-unfallchirurgie.de\/en\/#\/schema\/logo\/image\/","url":"https:\/\/dus-orthopaedie-unfallchirurgie.de\/wp-content\/uploads\/2022\/01\/orthopaedie-duesseldorf-logo.png","contentUrl":"https:\/\/dus-orthopaedie-unfallchirurgie.de\/wp-content\/uploads\/2022\/01\/orthopaedie-duesseldorf-logo.png","width":272,"height":62,"caption":"DUS \u2013 Orthop\u00e4die & Unfallchirurgie"},"image":{"@id":"https:\/\/www.dus-orthopaedie-unfallchirurgie.de\/en\/#\/schema\/logo\/image\/"}}]}},"_links":{"self":[{"href":"https:\/\/www.dus-orthopaedie-unfallchirurgie.de\/en\/wp-json\/wp\/v2\/pages\/6492","targetHints":{"allow":["GET"]}}],"collection":[{"href":"https:\/\/www.dus-orthopaedie-unfallchirurgie.de\/en\/wp-json\/wp\/v2\/pages"}],"about":[{"href":"https:\/\/www.dus-orthopaedie-unfallchirurgie.de\/en\/wp-json\/wp\/v2\/types\/page"}],"author":[{"embeddable":true,"href":"https:\/\/www.dus-orthopaedie-unfallchirurgie.de\/en\/wp-json\/wp\/v2\/users\/1"}],"replies":[{"embeddable":true,"href":"https:\/\/www.dus-orthopaedie-unfallchirurgie.de\/en\/wp-json\/wp\/v2\/comments?post=6492"}],"version-history":[{"count":2,"href":"https:\/\/www.dus-orthopaedie-unfallchirurgie.de\/en\/wp-json\/wp\/v2\/pages\/6492\/revisions"}],"predecessor-version":[{"id":6494,"href":"https:\/\/www.dus-orthopaedie-unfallchirurgie.de\/en\/wp-json\/wp\/v2\/pages\/6492\/revisions\/6494"}],"up":[{"embeddable":true,"href":"https:\/\/www.dus-orthopaedie-unfallchirurgie.de\/en\/wp-json\/wp\/v2\/pages\/6262"}],"wp:featuredmedia":[{"embeddable":true,"href":"https:\/\/www.dus-orthopaedie-unfallchirurgie.de\/en\/wp-json\/wp\/v2\/media\/9923"}],"wp:attachment":[{"href":"https:\/\/www.dus-orthopaedie-unfallchirurgie.de\/en\/wp-json\/wp\/v2\/media?parent=6492"}],"curies":[{"name":"wp","href":"https:\/\/api.w.org\/{rel}","templated":true}]}}