{"id":6519,"date":"2018-11-08T08:37:04","date_gmt":"2018-11-08T07:37:04","guid":{"rendered":"https:\/\/dus-orthopaedie-unfallchirurgie.de\/imprint\/"},"modified":"2026-03-09T12:39:03","modified_gmt":"2026-03-09T11:39:03","slug":"imprint","status":"publish","type":"page","link":"https:\/\/www.dus-orthopaedie-unfallchirurgie.de\/en\/imprint\/","title":{"rendered":"Imprint"},"content":{"rendered":"<p>[et_pb_section fb_built=&#8221;1&#8243; _builder_version=&#8221;4.16&#8243; global_colors_info=&#8221;{}&#8221;][et_pb_row _builder_version=&#8221;4.16&#8243; global_colors_info=&#8221;{}&#8221;][et_pb_column type=&#8221;4_4&#8243; _builder_version=&#8221;4.16&#8243; global_colors_info=&#8221;{}&#8221;][et_pb_text _builder_version=&#8221;4.27.4&#8243; hover_enabled=&#8221;0&#8243; global_colors_info=&#8221;{}&#8221; sticky_enabled=&#8221;0&#8243;]<\/p>\n<section class=\"section section-headline headline\">\n<div class=\"row\">\n<div class=\"col-12 col-md-10 offset-md-1\">\n<h1 id=\"ref-impressum\" class=\"entry-title text-center h1\"><span class=\"d-block\">Imprint<\/span><\/h1>\n<\/div>\n<\/div>\n<\/section>\n<section class=\"section section-content container\">\n<div class=\"row\">\n<div class=\"col-md-8 offset-md-2\">\n<h2 id=\"ref-impressum-auf-einem-blick\">Imprint at a glance<\/h2>\n<p>Information duties according to \u00a7 5 TMG<\/p>\n<p><b>DUS &#8211; Orthopedics &amp; Trauma Surgery<\/b><\/p>\n<p><b>\u00dcBAG Feser Bl\u00fcm Karachalios<\/b><\/p>\n<p>Amsterdam street 36<br \/>\n40474 D\u00fcsseldorf<\/p>\n<p><strong>Phone<\/strong>: 0211 65040408<br \/>\n<strong>Fax<\/strong>: 0211 65040409<br \/>\n<strong>E-Mail<\/strong>: praxis@dus-orthopaedie-unfallchirurgie.de<\/p>\n<p><strong>Supervisory authority:<\/strong><br \/>\nKV Nordrhein<\/p>\n<p><strong>Job title:<\/strong><br \/>\nSpecialist in orthopaedics and trauma surgery<\/p>\n<p><strong>Competent chamber:<\/strong><br \/>\n\u00c4rztekammer Nordrhein<\/p>\n<p><strong>Awarded by:<\/strong><br \/>\nNordrhein-Westfalen, Deutschland<\/p>\n<p><strong>The following professional regulations apply:<\/strong><br \/>\nRegulations can be viewed at: http:\/\/www.aekno.de\/downloads\/aekno\/berufsordnung.pdf<\/p>\n<p><strong>Details of professional indemnity insurance:<\/strong><br \/>\nHDI Versicherung AG<br \/>\nHDI Platz 1<br \/>\n30659 Hannover<\/p>\n<p><strong>Area of validity of the insurance:<\/strong><br \/>\nGermany<\/p>\n<p><b>Tax number<\/b><\/p>\n<p>105\/5906\/2436<\/p>\n<p><b>Responsible for the content according to \u00a76 MDStV:<\/b><\/p>\n<p>Mr. Till Feser &amp; Mr. Dr. Leonid Bl\u00fcm &amp; Mr. Panagiotis Karachalios, address as above<\/p>\n<h3 id=\"ref-widerspruch-gegen-werbe-e-mails\">Objection to advertising e-mails<\/h3>\n<p>The use of contact data published within the scope of the imprint obligation for the transmission of advertising and information material not expressly requested is herewith objected to. The operators of the pages expressly reserve the right to take legal action in the event of the unsolicited sending of advertising information, for example by spam e-mails.<\/p>\n<h3 id=\"ref-konzeption-gestaltung-und-technische-realisation-der-website\">Concept, design and technical realisation of the website<\/h3>\n<p><a href=\"https:\/\/www.maynert.de\/\">Maynert Online Marketing GmbH<\/a> \/ <a href=\"https:\/\/praxismarketing.digital\/\">Digital Practice Marketing<\/a><\/p>\n<h3>Technical realisation of the website and SEO at the D\u00fcsseldorf site<\/h3>\n<p><a href=\"https:\/\/aweos.de\/leistungen\/seo-agentur\/\" title=\"SEO Agency\">SEO Agency &#8211; AWEOS GmbH<\/a><\/p>\n<\/div>\n<\/div>\n<\/section>\n<p>[\/et_pb_text][\/et_pb_column][\/et_pb_row][\/et_pb_section]<\/p>\n","protected":false},"excerpt":{"rendered":"<p>Imprint Imprint at a glance Information duties according to \u00a7 5 TMG DUS &#8211; Orthopedics &amp; Trauma Surgery \u00dcBAG Feser Bl\u00fcm Karachalios Amsterdam street 36 40474 D\u00fcsseldorf Phone: 0211 65040408 Fax: 0211 65040409 E-Mail: praxis@dus-orthopaedie-unfallchirurgie.de Supervisory authority: KV Nordrhein Job title: Specialist in orthopaedics and trauma surgery Competent chamber: \u00c4rztekammer Nordrhein Awarded by: Nordrhein-Westfalen, Deutschland [&hellip;]<\/p>\n","protected":false},"author":1,"featured_media":0,"parent":0,"menu_order":13,"comment_status":"closed","ping_status":"closed","template":"","meta":{"_acf_changed":false,"_et_pb_use_builder":"on","_et_pb_old_content":"","_et_gb_content_width":"","inline_featured_image":false,"footnotes":""},"class_list":["post-6519","page","type-page","status-publish","hentry"],"acf":[],"yoast_head":"<!-- This site is optimized with the Yoast SEO plugin v26.1.1 - https:\/\/yoast.com\/wordpress\/plugins\/seo\/ -->\n<title>Imprint | DUS - Orthopaedics &amp; Trauma Surgery<\/title>\n<meta name=\"description\" content=\"Imprint of DUS - Orthopaedics &amp; Trauma Surgery. Your medical specialists in D\u00fcsseldorf and the surrounding area.\" \/>\n<meta name=\"robots\" content=\"index, follow, max-snippet:-1, max-image-preview:large, max-video-preview:-1\" \/>\n<link rel=\"canonical\" href=\"https:\/\/www.dus-orthopaedie-unfallchirurgie.de\/en\/imprint\/\" \/>\n<meta property=\"og:locale\" content=\"en_US\" \/>\n<meta property=\"og:type\" content=\"article\" \/>\n<meta property=\"og:title\" content=\"Imprint | DUS - Orthopaedics &amp; Trauma Surgery\" \/>\n<meta property=\"og:description\" content=\"Imprint of DUS - Orthopaedics &amp; Trauma Surgery. Your medical specialists in D\u00fcsseldorf and the surrounding area.\" \/>\n<meta property=\"og:url\" content=\"https:\/\/www.dus-orthopaedie-unfallchirurgie.de\/en\/imprint\/\" \/>\n<meta property=\"og:site_name\" content=\"Orthop\u00e4die &amp; Unfallchirurgie DUS\" \/>\n<meta property=\"article:modified_time\" content=\"2026-03-09T11:39:03+00:00\" \/>\n<meta property=\"og:image\" content=\"https:\/\/www.dus-orthopaedie-unfallchirurgie.de\/wp-content\/uploads\/2020\/07\/orthopaede-duesseldorf.jpg\" \/>\n\t<meta property=\"og:image:width\" content=\"1600\" \/>\n\t<meta property=\"og:image:height\" content=\"700\" \/>\n\t<meta property=\"og:image:type\" content=\"image\/jpeg\" \/>\n<meta name=\"twitter:card\" content=\"summary_large_image\" \/>\n<meta name=\"twitter:label1\" content=\"Est. reading time\" \/>\n\t<meta name=\"twitter:data1\" content=\"2 minutes\" \/>\n<!-- \/ Yoast SEO plugin. -->","yoast_head_json":{"title":"Imprint | DUS - Orthopaedics & Trauma Surgery","description":"Imprint of DUS - Orthopaedics & Trauma Surgery. Your medical specialists in D\u00fcsseldorf and the surrounding area.","robots":{"index":"index","follow":"follow","max-snippet":"max-snippet:-1","max-image-preview":"max-image-preview:large","max-video-preview":"max-video-preview:-1"},"canonical":"https:\/\/www.dus-orthopaedie-unfallchirurgie.de\/en\/imprint\/","og_locale":"en_US","og_type":"article","og_title":"Imprint | DUS - Orthopaedics & Trauma Surgery","og_description":"Imprint of DUS - Orthopaedics & Trauma Surgery. Your medical specialists in D\u00fcsseldorf and the surrounding area.","og_url":"https:\/\/www.dus-orthopaedie-unfallchirurgie.de\/en\/imprint\/","og_site_name":"Orthop\u00e4die &amp; Unfallchirurgie DUS","article_modified_time":"2026-03-09T11:39:03+00:00","og_image":[{"width":1600,"height":700,"url":"https:\/\/www.dus-orthopaedie-unfallchirurgie.de\/wp-content\/uploads\/2020\/07\/orthopaede-duesseldorf.jpg","type":"image\/jpeg"}],"twitter_card":"summary_large_image","twitter_misc":{"Est. reading time":"2 minutes"},"schema":{"@context":"https:\/\/schema.org","@graph":[{"@type":"WebPage","@id":"https:\/\/www.dus-orthopaedie-unfallchirurgie.de\/en\/imprint\/","url":"https:\/\/www.dus-orthopaedie-unfallchirurgie.de\/en\/imprint\/","name":"Imprint | DUS - Orthopaedics & Trauma Surgery","isPartOf":{"@id":"https:\/\/www.dus-orthopaedie-unfallchirurgie.de\/en\/#website"},"datePublished":"2018-11-08T07:37:04+00:00","dateModified":"2026-03-09T11:39:03+00:00","description":"Imprint of DUS - Orthopaedics & Trauma Surgery. Your medical specialists in D\u00fcsseldorf and the surrounding area.","breadcrumb":{"@id":"https:\/\/www.dus-orthopaedie-unfallchirurgie.de\/en\/imprint\/#breadcrumb"},"inLanguage":"en-US","potentialAction":[{"@type":"ReadAction","target":["https:\/\/www.dus-orthopaedie-unfallchirurgie.de\/en\/imprint\/"]}]},{"@type":"BreadcrumbList","@id":"https:\/\/www.dus-orthopaedie-unfallchirurgie.de\/en\/imprint\/#breadcrumb","itemListElement":[{"@type":"ListItem","position":1,"name":"Home","item":"https:\/\/www.dus-orthopaedie-unfallchirurgie.de\/en\/"},{"@type":"ListItem","position":2,"name":"Imprint"}]},{"@type":"WebSite","@id":"https:\/\/www.dus-orthopaedie-unfallchirurgie.de\/en\/#website","url":"https:\/\/www.dus-orthopaedie-unfallchirurgie.de\/en\/","name":"Orthop\u00e4die &amp; Unfallchirurgie DUS","description":"Praxis f\u00fcr konservative und operative Verfahren","publisher":{"@id":"https:\/\/www.dus-orthopaedie-unfallchirurgie.de\/en\/#organization"},"potentialAction":[{"@type":"SearchAction","target":{"@type":"EntryPoint","urlTemplate":"https:\/\/www.dus-orthopaedie-unfallchirurgie.de\/en\/?s={search_term_string}"},"query-input":{"@type":"PropertyValueSpecification","valueRequired":true,"valueName":"search_term_string"}}],"inLanguage":"en-US"},{"@type":"Organization","@id":"https:\/\/www.dus-orthopaedie-unfallchirurgie.de\/en\/#organization","name":"DUS \u2013 Orthop\u00e4die & Unfallchirurgie","url":"https:\/\/www.dus-orthopaedie-unfallchirurgie.de\/en\/","logo":{"@type":"ImageObject","inLanguage":"en-US","@id":"https:\/\/www.dus-orthopaedie-unfallchirurgie.de\/en\/#\/schema\/logo\/image\/","url":"https:\/\/dus-orthopaedie-unfallchirurgie.de\/wp-content\/uploads\/2022\/01\/orthopaedie-duesseldorf-logo.png","contentUrl":"https:\/\/dus-orthopaedie-unfallchirurgie.de\/wp-content\/uploads\/2022\/01\/orthopaedie-duesseldorf-logo.png","width":272,"height":62,"caption":"DUS \u2013 Orthop\u00e4die & Unfallchirurgie"},"image":{"@id":"https:\/\/www.dus-orthopaedie-unfallchirurgie.de\/en\/#\/schema\/logo\/image\/"}}]}},"_links":{"self":[{"href":"https:\/\/www.dus-orthopaedie-unfallchirurgie.de\/en\/wp-json\/wp\/v2\/pages\/6519","targetHints":{"allow":["GET"]}}],"collection":[{"href":"https:\/\/www.dus-orthopaedie-unfallchirurgie.de\/en\/wp-json\/wp\/v2\/pages"}],"about":[{"href":"https:\/\/www.dus-orthopaedie-unfallchirurgie.de\/en\/wp-json\/wp\/v2\/types\/page"}],"author":[{"embeddable":true,"href":"https:\/\/www.dus-orthopaedie-unfallchirurgie.de\/en\/wp-json\/wp\/v2\/users\/1"}],"replies":[{"embeddable":true,"href":"https:\/\/www.dus-orthopaedie-unfallchirurgie.de\/en\/wp-json\/wp\/v2\/comments?post=6519"}],"version-history":[{"count":4,"href":"https:\/\/www.dus-orthopaedie-unfallchirurgie.de\/en\/wp-json\/wp\/v2\/pages\/6519\/revisions"}],"predecessor-version":[{"id":10876,"href":"https:\/\/www.dus-orthopaedie-unfallchirurgie.de\/en\/wp-json\/wp\/v2\/pages\/6519\/revisions\/10876"}],"wp:attachment":[{"href":"https:\/\/www.dus-orthopaedie-unfallchirurgie.de\/en\/wp-json\/wp\/v2\/media?parent=6519"}],"curies":[{"name":"wp","href":"https:\/\/api.w.org\/{rel}","templated":true}]}}