{"id":7554,"date":"2025-04-04T09:05:33","date_gmt":"2025-04-04T07:05:33","guid":{"rendered":"https:\/\/dus-orthopaedie-unfallchirurgie.de\/?page_id=7554"},"modified":"2025-05-13T14:44:59","modified_gmt":"2025-05-13T12:44:59","slug":"location-duesseldorf-benrath","status":"publish","type":"page","link":"https:\/\/www.dus-orthopaedie-unfallchirurgie.de\/en\/location-duesseldorf-benrath\/","title":{"rendered":"Location D\u00fcsseldorf Benrath"},"content":{"rendered":"<p>[et_pb_section fb_built=&#8221;1&#8243; module_class=&#8221;kacheln-standort&#8221; _builder_version=&#8221;4.15&#8243; custom_padding=&#8221;50px|||||&#8221; global_colors_info=&#8221;{}&#8221;][et_pb_row column_structure=&#8221;1_3,1_3,1_3&#8243; module_id=&#8221;standort-details&#8221; _builder_version=&#8221;4.15&#8243; custom_padding=&#8221;0px||0px|||&#8221; global_colors_info=&#8221;{}&#8221;][et_pb_column type=&#8221;1_3&#8243; _builder_version=&#8221;4.15&#8243; global_colors_info=&#8221;{}&#8221;][et_pb_blurb title=&#8221;Adresse&#8221; url=&#8221;https:\/\/goo.gl\/maps\/68zZJDZjY5yLhAhC8&#8243; url_new_window=&#8221;on&#8221; use_icon=&#8221;on&#8221; font_icon=&#8221;&#xe081;||divi||400&#8243; _builder_version=&#8221;4.15.1&#8243; header_font=&#8221;|700|||||||&#8221; animation=&#8221;off&#8221; link_option_url=&#8221;https:\/\/goo.gl\/maps\/68zZJDZjY5yLhAhC8&#8243; link_option_url_new_window=&#8221;on&#8221; global_colors_info=&#8221;{}&#8221;]<\/p>\n<p><span>Location D\u00fcsseldorf-<\/span><span>Benrath<br \/><\/span><span>Corellistr. 11<\/span><br \/><span>40593 D\u00fcsseldorf<\/span><\/p>\n<p>[\/et_pb_blurb][\/et_pb_column][et_pb_column type=&#8221;1_3&#8243; _builder_version=&#8221;4.15&#8243; global_colors_info=&#8221;{}&#8221;][et_pb_blurb title=&#8221;Kontakt&#8221; use_icon=&#8221;on&#8221; font_icon=&#8221;&#xe08b;||divi||400&#8243; _builder_version=&#8221;4.15.1&#8243; animation=&#8221;off&#8221; global_colors_info=&#8221;{}&#8221;]<\/p>\n<ul>\n<li><strong>Tel:<\/strong><a href=\"tel:+49211702868\">0211-702868<\/a><\/li>\n<li><strong>Fax:<\/strong>0211-702868<\/li>\n<li><strong>E-Mail:<\/strong><a href=\"mailto:praxis@dus-orthopaedie-unfallchirurgie.de\">praxis@dus-orthopaedie-unfallchirurgie.de<\/a><\/li>\n<\/ul>\n<p><a href=\"\/kontakt\/\" class=\"btn-blue\">Make an appointment<\/a>[\/et_pb_blurb][\/et_pb_column][et_pb_column type=&#8221;1_3&#8243; _builder_version=&#8221;4.15&#8243; global_colors_info=&#8221;{}&#8221;][et_pb_code _builder_version=&#8221;4.15.1&#8243; hover_enabled=&#8221;0&#8243; global_colors_info=&#8221;{}&#8221; sticky_enabled=&#8221;0&#8243;]<\/p>\n<h4>Opening hours<\/h4>\n<p><!-- [et_pb_line_break_holder] --><\/p>\n<div>Opening hours:<!-- [et_pb_line_break_holder] --><pee class=\"zeit\">Mon &#8211; Fri: 8:00 &#8211; 12:00<\/pee><!-- [et_pb_line_break_holder] --><pee class=\"zeit\">Tue &#038; Thu: 14:00 &#8211; 18:00<\/pee><!-- [et_pb_line_break_holder] --><pee class=\"zeit\">And by arrangement<\/pee><!-- [et_pb_line_break_holder] --><\/div>\n<p>[\/et_pb_code][\/et_pb_column][\/et_pb_row][\/et_pb_section][et_pb_section fb_built=&#8221;1&#8243; module_class=&#8221;standort-text&#8221; _builder_version=&#8221;4.15&#8243; global_colors_info=&#8221;{}&#8221;][et_pb_row _builder_version=&#8221;4.15&#8243; min_height=&#8221;86px&#8221; global_colors_info=&#8221;{}&#8221;][et_pb_column type=&#8221;4_4&#8243; _builder_version=&#8221;4.15&#8243; global_colors_info=&#8221;{}&#8221;][et_pb_text _builder_version=&#8221;4.15.1&#8243; custom_margin=&#8221;||-7px|||&#8221; global_colors_info=&#8221;{}&#8221;]<\/p>\n<h2>DUS Orthop\u00e4die &amp; Trauma surgery in D\u00fcsseldorf-Benrath<\/h2>\n<p><span>Practice for conservative and surgical procedures<\/span><\/p>\n<p>[\/et_pb_text][\/et_pb_column][\/et_pb_row][et_pb_row column_structure=&#8221;1_2,1_2&#8243; _builder_version=&#8221;4.15&#8243; custom_padding=&#8221;0px|||||&#8221; global_colors_info=&#8221;{}&#8221;][et_pb_column type=&#8221;1_2&#8243; _builder_version=&#8221;4.15&#8243; global_colors_info=&#8221;{}&#8221;][et_pb_text module_class=&#8221;jquery-open-h2&#8243; _builder_version=&#8221;4.15.1&#8243; global_colors_info=&#8221;{}&#8221;]We are pleased to provide you with all the specific information about our location in D\u00fcsseldorf-Benrath on this page.<\/p>\n<p>In our practice in D\u00fcsseldorf-Benrath and at our other locations in D\u00fcsseldorf-Grafenberg, D\u00fcsseldorf-Stockum, Ratingen and D\u00fcsseldorf-Oberkassel Heerdt, we treat private and statutory health insurance patients of all ages.  Treatments are carried out at this location by the owner and specialist in orthopaedics and trauma surgery, Dr. Torsten Kleefeld.<\/p>\n<h5>learn more<\/h5>\n<p>[\/et_pb_text][et_pb_text module_class=&#8221;jquery-h2-close&#8221; _builder_version=&#8221;4.15.1&#8243; global_colors_info=&#8221;{}&#8221;]<\/p>\n<p>At our location in D\u00fcsseldorf-Benrath, we offer you a modern practice equipped with the latest and most modern devices. Accordingly, our patients are offered the highest level of safety before and after treatment.<\/p>\n<p>We look forward to welcoming you to our practice and to a successful and trusting collaboration with you.<\/p>\n<h5>Close<\/h5>\n<p>[\/et_pb_text][\/et_pb_column][et_pb_column type=&#8221;1_2&#8243; _builder_version=&#8221;4.15&#8243; global_colors_info=&#8221;{}&#8221;][et_pb_image src=&#8221;https:\/\/dus-orthopaedie-unfallchirurgie.de\/wp-content\/uploads\/2021\/11\/dus-d-stockum-wartezimmer.jpg&#8221; alt=&#8221;Orthop\u00e4de D\u00fcsseldorf Stockum&#8221; title_text=&#8221;Orthop\u00e4de D\u00fcsseldorf Stockum&#8221; _builder_version=&#8221;4.15.1&#8243; global_colors_info=&#8221;{}&#8221;][\/et_pb_image][\/et_pb_column][\/et_pb_row][\/et_pb_section][et_pb_section fb_built=&#8221;1&#8243; _builder_version=&#8221;4.15&#8243; global_colors_info=&#8221;{}&#8221;][et_pb_row _builder_version=&#8221;4.15&#8243; global_colors_info=&#8221;{}&#8221;][et_pb_column type=&#8221;4_4&#8243; _builder_version=&#8221;4.15&#8243; global_colors_info=&#8221;{}&#8221;][et_pb_text _builder_version=&#8221;4.15.1&#8243; text_orientation=&#8221;center&#8221; global_colors_info=&#8221;{}&#8221;]<\/p>\n<h2>Services of DUS<\/h2>\n<p>What we offer in the field of orthopaedics and trauma surgery in D\u00fcsseldorf-Benrath<\/p>\n<p>[\/et_pb_text][\/et_pb_column][\/et_pb_row][et_pb_row column_structure=&#8221;1_3,1_3,1_3&#8243; module_class=&#8221;leistungen-kacheln&#8221; _builder_version=&#8221;4.15&#8243; global_colors_info=&#8221;{}&#8221;][et_pb_column type=&#8221;1_3&#8243; _builder_version=&#8221;4.15&#8243; global_colors_info=&#8221;{}&#8221;][et_pb_image src=&#8221;https:\/\/dus-orthopaedie-unfallchirurgie.de\/wp-content\/uploads\/2021\/05\/wirbelsaeuele-dus-orthopaedie-leistung.jpg&#8221; alt=&#8221;Orthopaedist D\u00fcsseldorf Spine&#8221; title_text=&#8221;Orthopaedist D\u00fcsseldorf Spine&#8221; url=&#8221;https:\/\/dus-orthopaedie-unfallchirurgie.de\/en\/services\/spine\/&#8221; _builder_version=&#8221;4.15.1&#8243; global_colors_info=&#8221;{}&#8221;][\/et_pb_image][et_pb_text admin_label=&#8221;Wirbels\u00e4ule&#8221; _builder_version=&#8221;4.15.1&#8243; global_colors_info=&#8221;{}&#8221;]<a href=\"https:\/\/dus-orthopaedie-unfallchirurgie.de\/en\/services\/spine\/\" title=\"Orthopaedist D\u00fcsseldorf Spine\"><\/p>\n<h3>Spine<\/h3>\n<p><\/a>[\/et_pb_text][et_pb_button button_url=&#8221;https:\/\/dus-orthopaedie-unfallchirurgie.de\/en\/services\/spine\/&#8221; button_text=&#8221;#&#8221; _builder_version=&#8221;4.15.1&#8243; global_colors_info=&#8221;{}&#8221;][\/et_pb_button][\/et_pb_column][et_pb_column type=&#8221;1_3&#8243; _builder_version=&#8221;4.15&#8243; global_colors_info=&#8221;{}&#8221;][et_pb_image src=&#8221;https:\/\/dus-orthopaedie-unfallchirurgie.de\/wp-content\/uploads\/2021\/05\/schulter-dus-orthopaedie-leistung.jpg&#8221; alt=&#8221;Orthopaedist D\u00fcsseldorf Shoulder&#8221; title_text=&#8221;Orthopaedist D\u00fcsseldorf Shoulder&#8221; url=&#8221;https:\/\/dus-orthopaedie-unfallchirurgie.de\/en\/?page_id=6338&#8243; _builder_version=&#8221;4.15&#8243; global_colors_info=&#8221;{}&#8221;][\/et_pb_image][et_pb_text admin_label=&#8221;Schulter&#8221; _builder_version=&#8221;4.15&#8243; global_colors_info=&#8221;{}&#8221;]<a href=\"https:\/\/dus-orthopaedie-unfallchirurgie.de\/en\/?page_id=6338\" title=\"Orthopaedist D\u00fcsseldorf Shoulder\"><\/p>\n<h3>Shoulder<\/h3>\n<p><\/a>[\/et_pb_text][et_pb_button button_url=&#8221;https:\/\/dus-orthopaedie-unfallchirurgie.de\/en\/?page_id=6338&#8243; button_text=&#8221;#&#8221; _builder_version=&#8221;4.1&#8243; global_colors_info=&#8221;{}&#8221;][\/et_pb_button][\/et_pb_column][et_pb_column type=&#8221;1_3&#8243; _builder_version=&#8221;4.15&#8243; global_colors_info=&#8221;{}&#8221;][et_pb_image src=&#8221;https:\/\/dus-orthopaedie-unfallchirurgie.de\/wp-content\/uploads\/2021\/05\/ellenbogen-dus-orthopaedie-leistung.jpg&#8221; alt=&#8221;Orthopaedist D\u00fcsseldorf Elbow joint&#8221; title_text=&#8221;Orthopaedist D\u00fcsseldorf Elbow joint&#8221; url=&#8221;https:\/\/dus-orthopaedie-unfallchirurgie.de\/en\/?page_id=6363&#8243; _builder_version=&#8221;4.15&#8243; global_colors_info=&#8221;{}&#8221;][\/et_pb_image][et_pb_text admin_label=&#8221;Ellenbogen&#8221; _builder_version=&#8221;4.15&#8243; global_colors_info=&#8221;{}&#8221;]<a href=\"https:\/\/dus-orthopaedie-unfallchirurgie.de\/en\/?page_id=6363\" title=\"Orthopaedist D\u00fcsseldorf Elbow joint\"><\/p>\n<h3>Elbow<\/h3>\n<p><\/a>[\/et_pb_text][et_pb_button button_url=&#8221;https:\/\/dus-orthopaedie-unfallchirurgie.de\/en\/?page_id=6363&#8243; button_text=&#8221;#&#8221; _builder_version=&#8221;4.1&#8243; global_colors_info=&#8221;{}&#8221;][\/et_pb_button][\/et_pb_column][\/et_pb_row][et_pb_row column_structure=&#8221;1_3,1_3,1_3&#8243; module_class=&#8221;leistungen-kacheln&#8221; _builder_version=&#8221;4.15&#8243; global_colors_info=&#8221;{}&#8221;][et_pb_column type=&#8221;1_3&#8243; _builder_version=&#8221;4.15&#8243; global_colors_info=&#8221;{}&#8221;][et_pb_image src=&#8221;https:\/\/dus-orthopaedie-unfallchirurgie.de\/wp-content\/uploads\/2021\/05\/hand-handgelenk-dus-orthopaedie-leistung.jpg&#8221; alt=&#8221;Orthopaedist D\u00fcsseldorf Hand &#038; Wrist&#8221; title_text=&#8221;Orthopaedist D\u00fcsseldorf Hand &#038; Wrist&#8221; url=&#8221;https:\/\/dus-orthopaedie-unfallchirurgie.de\/en\/?page_id=6347&#8243; _builder_version=&#8221;4.15&#8243; global_colors_info=&#8221;{}&#8221;][\/et_pb_image][et_pb_text admin_label=&#8221;Hand &#038; Handgelenk&#8221; _builder_version=&#8221;4.15&#8243; global_colors_info=&#8221;{}&#8221;]<a href=\"https:\/\/dus-orthopaedie-unfallchirurgie.de\/en\/?page_id=6347\" title=\"Orthopaedist D\u00fcsseldorf Hand &amp; Wrist\"><\/p>\n<h3>Hand &amp; Wrist<\/h3>\n<p><\/a>[\/et_pb_text][et_pb_button button_url=&#8221;https:\/\/dus-orthopaedie-unfallchirurgie.de\/en\/?page_id=6347&#8243; button_text=&#8221;#&#8221; _builder_version=&#8221;4.1&#8243; global_colors_info=&#8221;{}&#8221;][\/et_pb_button][\/et_pb_column][et_pb_column type=&#8221;1_3&#8243; _builder_version=&#8221;4.15&#8243; global_colors_info=&#8221;{}&#8221;][et_pb_image src=&#8221;https:\/\/dus-orthopaedie-unfallchirurgie.de\/wp-content\/uploads\/2021\/05\/hueftgelenk-dus-orthopaedie-leistung.jpg&#8221; alt=&#8221;Orthopaedist D\u00fcsseldorf Hip Joint&#8221; title_text=&#8221;Orthopaedist D\u00fcsseldorf Hip Joint&#8221; url=&#8221;https:\/\/dus-orthopaedie-unfallchirurgie.de\/en\/?page_id=6351&#8243; _builder_version=&#8221;4.15&#8243; global_colors_info=&#8221;{}&#8221;][\/et_pb_image][et_pb_text admin_label=&#8221;H\u00fcftgelenk&#8221; _builder_version=&#8221;4.15.1&#8243; global_colors_info=&#8221;{}&#8221;]<a href=\"https:\/\/dus-orthopaedie-unfallchirurgie.de\/en\/?page_id=6351\" title=\"Orthopaedist D\u00fcsseldorf Hip Joint\"><\/p>\n<h3>Hip joint<\/h3>\n<p><\/a>[\/et_pb_text][et_pb_button button_url=&#8221;https:\/\/dus-orthopaedie-unfallchirurgie.de\/en\/?page_id=6351&#8243; button_text=&#8221;#&#8221; _builder_version=&#8221;4.1&#8243; global_colors_info=&#8221;{}&#8221;][\/et_pb_button][\/et_pb_column][et_pb_column type=&#8221;1_3&#8243; _builder_version=&#8221;4.15&#8243; global_colors_info=&#8221;{}&#8221;][et_pb_image src=&#8221;https:\/\/dus-orthopaedie-unfallchirurgie.de\/wp-content\/uploads\/2021\/05\/kniegelenk-dus-orthopaedie-leistung.jpg&#8221; alt=&#8221;Orthopaedist D\u00fcsseldorf Knee joint&#8221; title_text=&#8221;Orthopaedist D\u00fcsseldorf Knee joint&#8221; url=&#8221;https:\/\/dus-orthopaedie-unfallchirurgie.de\/en\/?page_id=6354&#8243; _builder_version=&#8221;4.15&#8243; global_colors_info=&#8221;{}&#8221;][\/et_pb_image][et_pb_text admin_label=&#8221;Kniegelenk&#8221; _builder_version=&#8221;4.15&#8243; global_colors_info=&#8221;{}&#8221;]<a href=\"https:\/\/dus-orthopaedie-unfallchirurgie.de\/en\/?page_id=6354\" title=\"Orthopaedist D\u00fcsseldorf Knee joint\"><\/p>\n<h3>Knee joint<\/h3>\n<p><\/a>[\/et_pb_text][et_pb_button button_url=&#8221;https:\/\/dus-orthopaedie-unfallchirurgie.de\/en\/?page_id=6354&#8243; button_text=&#8221;#&#8221; _builder_version=&#8221;4.1&#8243; global_colors_info=&#8221;{}&#8221;][\/et_pb_button][\/et_pb_column][\/et_pb_row][\/et_pb_section][et_pb_section fb_built=&#8221;1&#8243; module_class=&#8221;aerzte&#8221; _builder_version=&#8221;4.15&#8243; global_colors_info=&#8221;{}&#8221;][et_pb_row module_class=&#8221;ueberschrift&#8221; _builder_version=&#8221;4.15&#8243; global_colors_info=&#8221;{}&#8221;][et_pb_column type=&#8221;4_4&#8243; _builder_version=&#8221;4.15&#8243; global_colors_info=&#8221;{}&#8221;][et_pb_text admin_label=&#8221;\u00c4rzte&#8221; _builder_version=&#8221;4.15.1&#8243; custom_padding=&#8221;||4px|||&#8221; global_colors_info=&#8221;{}&#8221;]<\/p>\n<h2>Doctors<\/h2>\n<p>Who treats you in Orthopaedics &#038; Trauma Surgery in D\u00fcsseldorf-Benrath? Get to know our specialist Dr. Torsten Kleefeld!<\/p>\n<p>[\/et_pb_text][\/et_pb_column][\/et_pb_row][et_pb_row _builder_version=&#8221;4.15&#8243; global_colors_info=&#8221;{}&#8221;][et_pb_column type=&#8221;4_4&#8243; _builder_version=&#8221;4.15&#8243; global_colors_info=&#8221;{}&#8221;][et_pb_text admin_label=&#8221;Abwesenheitsnotiz&#8221; _builder_version=&#8221;4.15.1&#8243; global_colors_info=&#8221;{}&#8221;]<\/p>\n<p style=\"padding-bottom: 0; text-align: center;\">Dr. Kleefeld is available every Friday from 8:00 a.m. to 12:30 p.m. at the Grafenberg location.<\/p>\n<p>[\/et_pb_text][\/et_pb_column][\/et_pb_row][et_pb_row column_structure=&#8221;1_3,1_3,1_3&#8243; _builder_version=&#8221;4.15.1&#8243; global_colors_info=&#8221;{}&#8221;][et_pb_column type=&#8221;1_3&#8243; _builder_version=&#8221;4.15&#8243; global_colors_info=&#8221;{}&#8221;][et_pb_team_member name=&#8221;Dr. Torsten Kleefeld&#8221; position=&#8221;Doctor&#8221; image_url=&#8221;https:\/\/dus-orthopaedie-unfallchirurgie.de\/wp-content\/uploads\/2025\/01\/kleefeld.png&#8221; admin_label=&#8221;Dr. Thorsten Kleefeld&#8221; _builder_version=&#8221;4.15.1&#8243; global_colors_info=&#8221;{}&#8221;]<\/p>\n<p><a href=\"https:\/\/www.doctolib.de\/orthopadie\/duesseldorf\/thorsten-kleefeld\/booking\/insurance-sector?specialityId=1337&#038;telehealth=false&#038;placeId=practice-643285&#038;pid=practice-643285&#038;bookingFunnelSource=profile\" class=\"btn-blue\" title=\"Orthopedist D\u00fcsseldorf\">Make an appointment<\/a><\/p>\n<p>[\/et_pb_team_member][\/et_pb_column][et_pb_column type=&#8221;1_3&#8243; _builder_version=&#8221;4.15.1&#8243; _module_preset=&#8221;default&#8221; global_colors_info=&#8221;{}&#8221;][\/et_pb_column][et_pb_column type=&#8221;1_3&#8243; _builder_version=&#8221;4.15&#8243; global_colors_info=&#8221;{}&#8221;][\/et_pb_column][\/et_pb_row][\/et_pb_section][et_pb_section fb_built=&#8221;1&#8243; module_class=&#8221;banner&#8221; _builder_version=&#8221;4.15&#8243; global_colors_info=&#8221;{}&#8221;][et_pb_row column_structure=&#8221;3_4,1_4&#8243; _builder_version=&#8221;4.15&#8243; global_colors_info=&#8221;{}&#8221;][et_pb_column type=&#8221;3_4&#8243; _builder_version=&#8221;4.15&#8243; global_colors_info=&#8221;{}&#8221;][et_pb_text admin_label=&#8221;Bannertext&#8221; _builder_version=&#8221;4.15.1&#8243; global_colors_info=&#8221;{}&#8221;]<\/p>\n<h3>How can we help you?<\/h3>\n<p>Make an appointment with us at DUS Orthopaedics &#038; Trauma Surgery in D\u00fcsseldorf-Benrath.<\/p>\n<p>[\/et_pb_text][\/et_pb_column][et_pb_column type=&#8221;1_4&#8243; _builder_version=&#8221;4.15&#8243; global_colors_info=&#8221;{}&#8221;][et_pb_text admin_label=&#8221;Termin vereinbaren&#8221; _builder_version=&#8221;4.15.1&#8243; global_colors_info=&#8221;{}&#8221;]<a href=\"\/terminvereinbarung\/\" class=\"btn-blue\">Make an appointment now<\/a>[\/et_pb_text][\/et_pb_column][\/et_pb_row][\/et_pb_section][et_pb_section fb_built=&#8221;1&#8243; module_id=&#8221;anfahrt-oberkassel&#8221; _builder_version=&#8221;4.15.1&#8243; global_colors_info=&#8221;{}&#8221;][et_pb_row module_class=&#8221;ueberschrift&#8221; _builder_version=&#8221;4.15&#8243; global_colors_info=&#8221;{}&#8221;][et_pb_column type=&#8221;4_4&#8243; _builder_version=&#8221;4.15&#8243; global_colors_info=&#8221;{}&#8221;][et_pb_text admin_label=&#8221;Anfahrt \u00dcberschrift&#8221; _builder_version=&#8221;4.15.1&#8243; text_orientation=&#8221;center&#8221; global_colors_info=&#8221;{}&#8221;]<\/p>\n<h2>Location of DUS Orthopaedics &#038; Trauma Surgery D\u00fcsseldorf-Benrath<\/h2>\n<p>We are very easy for you to reach!<\/p>\n<p>[\/et_pb_text][\/et_pb_column][\/et_pb_row][et_pb_row _builder_version=&#8221;4.15&#8243; global_colors_info=&#8221;{}&#8221;][et_pb_column type=&#8221;4_4&#8243; _builder_version=&#8221;4.15&#8243; global_colors_info=&#8221;{}&#8221;][et_pb_code _builder_version=&#8221;4.15.1&#8243; custom_margin=&#8221;||60px|||&#8221; global_colors_info=&#8221;{}&#8221;]<iframe src=\"https:\/\/www.google.com\/maps\/embed?pb=!1m18!1m12!1m3!1d2502.583791074438!2d6.877451876919003!3d51.153025871734904!2m3!1f0!2f0!3f0!3m2!1i1024!2i768!4f13.1!3m3!1m2!1s0x47b8ccd04a0cb21d%3A0xea104b4ae94ddd64!2sD%C3%BCsseldorfer%20Orthop%C3%A4diecenter%20Dr.%20Torsten%20Kleefeld!5e0!3m2!1sde!2sde!4v1738066817656!5m2!1sde!2sde\" width=\"100%\" height=\"450\" style=\"border:0;\" allowfullscreen=\"\" loading=\"lazy\" referrerpolicy=\"no-referrer-when-downgrade\"><\/iframe>[\/et_pb_code][\/et_pb_column][\/et_pb_row][\/et_pb_section]<\/p>\n","protected":false},"excerpt":{"rendered":"<p>Location D\u00fcsseldorf-BenrathCorellistr. 1140593 D\u00fcsseldorf Tel:0211-702868 Fax:0211-702868 E-Mail:praxis@dus-orthopaedie-unfallchirurgie.de Make an appointmentDUS Orthop\u00e4die &amp; Trauma surgery in D\u00fcsseldorf-Benrath Practice for conservative and surgical proceduresWe are pleased to provide you with all the specific information about our location in D\u00fcsseldorf-Benrath on this page. In our practice in D\u00fcsseldorf-Benrath and at our other locations in D\u00fcsseldorf-Grafenberg, D\u00fcsseldorf-Stockum, Ratingen and [&hellip;]<\/p>\n","protected":false},"author":1,"featured_media":7487,"parent":0,"menu_order":0,"comment_status":"closed","ping_status":"closed","template":"unterseite-standort.php","meta":{"_acf_changed":false,"_et_pb_use_builder":"on","_et_pb_old_content":"","_et_gb_content_width":"","inline_featured_image":false,"footnotes":""},"class_list":["post-7554","page","type-page","status-publish","has-post-thumbnail","hentry"],"acf":[],"yoast_head":"<!-- This site is optimized with the Yoast SEO plugin v26.1.1 - https:\/\/yoast.com\/wordpress\/plugins\/seo\/ -->\n<title>Location D\u00fcsseldorf Benrath - DUS<\/title>\n<meta name=\"description\" content=\"Make an appointment now at DUS Orthopaedics. Location D\u00fcsseldorf-Benrath - Corellistr. 11 - 40593 D\u00fcsseldorf\" \/>\n<meta name=\"robots\" content=\"index, follow, max-snippet:-1, max-image-preview:large, max-video-preview:-1\" \/>\n<link rel=\"canonical\" href=\"https:\/\/www.dus-orthopaedie-unfallchirurgie.de\/en\/location-duesseldorf-benrath\/\" \/>\n<meta property=\"og:locale\" content=\"en_US\" \/>\n<meta property=\"og:type\" content=\"article\" \/>\n<meta property=\"og:title\" content=\"Location D\u00fcsseldorf Benrath - DUS\" \/>\n<meta property=\"og:description\" content=\"Make an appointment now at DUS Orthopaedics. Location D\u00fcsseldorf-Benrath - Corellistr. 11 - 40593 D\u00fcsseldorf\" \/>\n<meta property=\"og:url\" content=\"https:\/\/www.dus-orthopaedie-unfallchirurgie.de\/en\/location-duesseldorf-benrath\/\" \/>\n<meta property=\"og:site_name\" content=\"Orthop\u00e4die &amp; Unfallchirurgie DUS\" \/>\n<meta property=\"article:modified_time\" content=\"2025-05-13T12:44:59+00:00\" \/>\n<meta property=\"og:image\" content=\"https:\/\/www.dus-orthopaedie-unfallchirurgie.de\/wp-content\/uploads\/2025\/02\/duesseldorf-benrath.jpg\" \/>\n\t<meta property=\"og:image:width\" content=\"2033\" \/>\n\t<meta property=\"og:image:height\" content=\"500\" \/>\n\t<meta property=\"og:image:type\" content=\"image\/jpeg\" \/>\n<meta name=\"twitter:card\" content=\"summary_large_image\" \/>\n<meta name=\"twitter:label1\" content=\"Est. reading time\" \/>\n\t<meta name=\"twitter:data1\" content=\"4 minutes\" \/>\n<!-- \/ Yoast SEO plugin. -->","yoast_head_json":{"title":"Location D\u00fcsseldorf Benrath - DUS","description":"Make an appointment now at DUS Orthopaedics. Location D\u00fcsseldorf-Benrath - Corellistr. 11 - 40593 D\u00fcsseldorf","robots":{"index":"index","follow":"follow","max-snippet":"max-snippet:-1","max-image-preview":"max-image-preview:large","max-video-preview":"max-video-preview:-1"},"canonical":"https:\/\/www.dus-orthopaedie-unfallchirurgie.de\/en\/location-duesseldorf-benrath\/","og_locale":"en_US","og_type":"article","og_title":"Location D\u00fcsseldorf Benrath - DUS","og_description":"Make an appointment now at DUS Orthopaedics. Location D\u00fcsseldorf-Benrath - Corellistr. 11 - 40593 D\u00fcsseldorf","og_url":"https:\/\/www.dus-orthopaedie-unfallchirurgie.de\/en\/location-duesseldorf-benrath\/","og_site_name":"Orthop\u00e4die &amp; Unfallchirurgie DUS","article_modified_time":"2025-05-13T12:44:59+00:00","og_image":[{"width":2033,"height":500,"url":"https:\/\/www.dus-orthopaedie-unfallchirurgie.de\/wp-content\/uploads\/2025\/02\/duesseldorf-benrath.jpg","type":"image\/jpeg"}],"twitter_card":"summary_large_image","twitter_misc":{"Est. reading time":"4 minutes"},"schema":{"@context":"https:\/\/schema.org","@graph":[{"@type":"WebPage","@id":"https:\/\/www.dus-orthopaedie-unfallchirurgie.de\/en\/location-duesseldorf-benrath\/","url":"https:\/\/www.dus-orthopaedie-unfallchirurgie.de\/en\/location-duesseldorf-benrath\/","name":"Location D\u00fcsseldorf Benrath - DUS","isPartOf":{"@id":"https:\/\/www.dus-orthopaedie-unfallchirurgie.de\/en\/#website"},"primaryImageOfPage":{"@id":"https:\/\/www.dus-orthopaedie-unfallchirurgie.de\/en\/location-duesseldorf-benrath\/#primaryimage"},"image":{"@id":"https:\/\/www.dus-orthopaedie-unfallchirurgie.de\/en\/location-duesseldorf-benrath\/#primaryimage"},"thumbnailUrl":"https:\/\/www.dus-orthopaedie-unfallchirurgie.de\/wp-content\/uploads\/2025\/02\/duesseldorf-benrath.jpg","datePublished":"2025-04-04T07:05:33+00:00","dateModified":"2025-05-13T12:44:59+00:00","description":"Make an appointment now at DUS Orthopaedics. Location D\u00fcsseldorf-Benrath - Corellistr. 11 - 40593 D\u00fcsseldorf","breadcrumb":{"@id":"https:\/\/www.dus-orthopaedie-unfallchirurgie.de\/en\/location-duesseldorf-benrath\/#breadcrumb"},"inLanguage":"en-US","potentialAction":[{"@type":"ReadAction","target":["https:\/\/www.dus-orthopaedie-unfallchirurgie.de\/en\/location-duesseldorf-benrath\/"]}]},{"@type":"ImageObject","inLanguage":"en-US","@id":"https:\/\/www.dus-orthopaedie-unfallchirurgie.de\/en\/location-duesseldorf-benrath\/#primaryimage","url":"https:\/\/www.dus-orthopaedie-unfallchirurgie.de\/wp-content\/uploads\/2025\/02\/duesseldorf-benrath.jpg","contentUrl":"https:\/\/www.dus-orthopaedie-unfallchirurgie.de\/wp-content\/uploads\/2025\/02\/duesseldorf-benrath.jpg","width":2033,"height":500,"caption":"D\u00fcsseldorf Benrath"},{"@type":"BreadcrumbList","@id":"https:\/\/www.dus-orthopaedie-unfallchirurgie.de\/en\/location-duesseldorf-benrath\/#breadcrumb","itemListElement":[{"@type":"ListItem","position":1,"name":"Home","item":"https:\/\/www.dus-orthopaedie-unfallchirurgie.de\/en\/"},{"@type":"ListItem","position":2,"name":"Location D\u00fcsseldorf Benrath"}]},{"@type":"WebSite","@id":"https:\/\/www.dus-orthopaedie-unfallchirurgie.de\/en\/#website","url":"https:\/\/www.dus-orthopaedie-unfallchirurgie.de\/en\/","name":"Orthop\u00e4die &amp; Unfallchirurgie DUS","description":"Praxis f\u00fcr konservative und operative Verfahren","publisher":{"@id":"https:\/\/www.dus-orthopaedie-unfallchirurgie.de\/en\/#organization"},"potentialAction":[{"@type":"SearchAction","target":{"@type":"EntryPoint","urlTemplate":"https:\/\/www.dus-orthopaedie-unfallchirurgie.de\/en\/?s={search_term_string}"},"query-input":{"@type":"PropertyValueSpecification","valueRequired":true,"valueName":"search_term_string"}}],"inLanguage":"en-US"},{"@type":"Organization","@id":"https:\/\/www.dus-orthopaedie-unfallchirurgie.de\/en\/#organization","name":"DUS \u2013 Orthop\u00e4die & Unfallchirurgie","url":"https:\/\/www.dus-orthopaedie-unfallchirurgie.de\/en\/","logo":{"@type":"ImageObject","inLanguage":"en-US","@id":"https:\/\/www.dus-orthopaedie-unfallchirurgie.de\/en\/#\/schema\/logo\/image\/","url":"https:\/\/dus-orthopaedie-unfallchirurgie.de\/wp-content\/uploads\/2022\/01\/orthopaedie-duesseldorf-logo.png","contentUrl":"https:\/\/dus-orthopaedie-unfallchirurgie.de\/wp-content\/uploads\/2022\/01\/orthopaedie-duesseldorf-logo.png","width":272,"height":62,"caption":"DUS \u2013 Orthop\u00e4die & Unfallchirurgie"},"image":{"@id":"https:\/\/www.dus-orthopaedie-unfallchirurgie.de\/en\/#\/schema\/logo\/image\/"}}]}},"_links":{"self":[{"href":"https:\/\/www.dus-orthopaedie-unfallchirurgie.de\/en\/wp-json\/wp\/v2\/pages\/7554","targetHints":{"allow":["GET"]}}],"collection":[{"href":"https:\/\/www.dus-orthopaedie-unfallchirurgie.de\/en\/wp-json\/wp\/v2\/pages"}],"about":[{"href":"https:\/\/www.dus-orthopaedie-unfallchirurgie.de\/en\/wp-json\/wp\/v2\/types\/page"}],"author":[{"embeddable":true,"href":"https:\/\/www.dus-orthopaedie-unfallchirurgie.de\/en\/wp-json\/wp\/v2\/users\/1"}],"replies":[{"embeddable":true,"href":"https:\/\/www.dus-orthopaedie-unfallchirurgie.de\/en\/wp-json\/wp\/v2\/comments?post=7554"}],"version-history":[{"count":10,"href":"https:\/\/www.dus-orthopaedie-unfallchirurgie.de\/en\/wp-json\/wp\/v2\/pages\/7554\/revisions"}],"predecessor-version":[{"id":7609,"href":"https:\/\/www.dus-orthopaedie-unfallchirurgie.de\/en\/wp-json\/wp\/v2\/pages\/7554\/revisions\/7609"}],"wp:featuredmedia":[{"embeddable":true,"href":"https:\/\/www.dus-orthopaedie-unfallchirurgie.de\/en\/wp-json\/wp\/v2\/media\/7487"}],"wp:attachment":[{"href":"https:\/\/www.dus-orthopaedie-unfallchirurgie.de\/en\/wp-json\/wp\/v2\/media?parent=7554"}],"curies":[{"name":"wp","href":"https:\/\/api.w.org\/{rel}","templated":true}]}}